{"id":8076,"date":"2024-10-15T07:02:57","date_gmt":"2024-10-15T07:02:57","guid":{"rendered":"https:\/\/ibsal.es\/complaints-channel\/"},"modified":"2025-03-12T10:43:33","modified_gmt":"2025-03-12T10:43:33","slug":"complaints-channel","status":"publish","type":"page","link":"https:\/\/ibsal.es\/en\/complaints-channel\/","title":{"rendered":"Complaints channel"},"content":{"rendered":"\t\t<div data-elementor-type=\"wp-page\" data-elementor-id=\"8076\" class=\"elementor elementor-8076 elementor-2283\" data-elementor-post-type=\"page\">\n\t\t\t\t<div class=\"elementor-element elementor-element-8c66174 e-flex e-con-boxed e-con e-parent\" data-id=\"8c66174\" data-element_type=\"container\" data-e-type=\"container\" data-settings=\"{&quot;background_background&quot;:&quot;classic&quot;}\">\n\t\t\t\t\t<div class=\"e-con-inner\">\n\t\t\t\t<div class=\"elementor-element elementor-element-df9c31f elementor-widget elementor-widget-heading\" data-id=\"df9c31f\" data-element_type=\"widget\" data-e-type=\"widget\" data-widget_type=\"heading.default\">\n\t\t\t\t<div class=\"elementor-widget-container\">\n\t\t\t\t\t<h1 class=\"elementor-heading-title elementor-size-default\">Complaints channel<\/h1>\t\t\t\t<\/div>\n\t\t\t\t<\/div>\n\t\t\t\t<div class=\"elementor-element elementor-element-b9298ff elementor-widget__width-initial elementor-widget-tablet__width-initial elementor-widget elementor-widget-text-editor\" data-id=\"b9298ff\" data-element_type=\"widget\" data-e-type=\"widget\" data-widget_type=\"text-editor.default\">\n\t\t\t\t<div class=\"elementor-widget-container\">\n\t\t\t\t\t\t\t\t\t<p>Please note that this whistleblower channel is for the exclusive use of personnel hired and assigned to the institute.<\/p>\t\t\t\t\t\t\t\t<\/div>\n\t\t\t\t<\/div>\n\t\t\t\t\t<\/div>\n\t\t\t\t<\/div>\n\t\t<div class=\"elementor-element elementor-element-df36082 e-flex e-con-boxed e-con e-parent\" data-id=\"df36082\" data-element_type=\"container\" data-e-type=\"container\" data-settings=\"{&quot;background_background&quot;:&quot;classic&quot;}\">\n\t\t\t\t\t<div class=\"e-con-inner\">\n\t\t<div class=\"elementor-element elementor-element-367476c e-con-full e-flex e-con e-child\" data-id=\"367476c\" data-element_type=\"container\" data-e-type=\"container\">\n\t\t\t\t<div class=\"elementor-element elementor-element-cf9f564 elementor-widget-tablet__width-initial elementor-widget-mobile__width-initial elementor-widget elementor-widget-heading\" data-id=\"cf9f564\" data-element_type=\"widget\" data-e-type=\"widget\" data-widget_type=\"heading.default\">\n\t\t\t\t<div class=\"elementor-widget-container\">\n\t\t\t\t\t<h2 class=\"elementor-heading-title elementor-size-default\">Channel enabled<\/h2>\t\t\t\t<\/div>\n\t\t\t\t<\/div>\n\t\t\t\t<div class=\"elementor-element elementor-element-e10fd43 elementor-widget-mobile__width-initial elementor-widget-divider--view-line elementor-widget elementor-widget-divider\" data-id=\"e10fd43\" data-element_type=\"widget\" data-e-type=\"widget\" data-widget_type=\"divider.default\">\n\t\t\t\t<div class=\"elementor-widget-container\">\n\t\t\t\t\t\t\t<div class=\"elementor-divider\">\n\t\t\t<span class=\"elementor-divider-separator\">\n\t\t\t\t\t\t<\/span>\n\t\t<\/div>\n\t\t\t\t\t\t<\/div>\n\t\t\t\t<\/div>\n\t\t\t\t<div class=\"elementor-element elementor-element-595bb8e elementor-widget-mobile__width-initial elementor-widget elementor-widget-text-editor\" data-id=\"595bb8e\" data-element_type=\"widget\" data-e-type=\"widget\" data-widget_type=\"text-editor.default\">\n\t\t\t\t<div class=\"elementor-widget-container\">\n\t\t\t\t\t\t\t\t\t<p>If you, as a stakeholder of IBSAL, wish to report criminal, unethical or irregular behavior within the organization itself, its employees or third parties who have any relationship with the institution, you have at your disposal this channel for complaints.<br><br>The complaints channel is as follows<\/p>\t\t\t\t\t\t\t\t<\/div>\n\t\t\t\t<\/div>\n\t\t\t\t<div class=\"elementor-element elementor-element-cd771ae elementor-mobile-align-left elementor-widget-mobile__width-initial elementor-widget elementor-widget-button\" data-id=\"cd771ae\" data-element_type=\"widget\" data-e-type=\"widget\" data-widget_type=\"button.default\">\n\t\t\t\t<div class=\"elementor-widget-container\">\n\t\t\t\t\t\t\t\t\t<div class=\"elementor-button-wrapper\">\n\t\t\t\t\t<a class=\"elementor-button elementor-button-link elementor-size-sm elementor-animation-shrink\" href=\"https:\/\/www.canaldedenuncias-bscerteurope.com\" target=\"_blank\">\n\t\t\t\t\t\t<span class=\"elementor-button-content-wrapper\">\n\t\t\t\t\t\t<span class=\"elementor-button-icon\">\n\t\t\t\t<svg aria-hidden=\"true\" class=\"e-font-icon-svg e-fas-long-arrow-alt-right\" viewBox=\"0 0 448 512\" xmlns=\"http:\/\/www.w3.org\/2000\/svg\"><path d=\"M313.941 216H12c-6.627 0-12 5.373-12 12v56c0 6.627 5.373 12 12 12h301.941v46.059c0 21.382 25.851 32.09 40.971 16.971l86.059-86.059c9.373-9.373 9.373-24.569 0-33.941l-86.059-86.059c-15.119-15.119-40.971-4.411-40.971 16.971V216z\"><\/path><\/svg>\t\t\t<\/span>\n\t\t\t\t\t\t\t\t\t<span class=\"elementor-button-text\">Learn more<\/span>\n\t\t\t\t\t<\/span>\n\t\t\t\t\t<\/a>\n\t\t\t\t<\/div>\n\t\t\t\t\t\t\t\t<\/div>\n\t\t\t\t<\/div>\n\t\t\t\t<\/div>\n\t\t<div class=\"elementor-element elementor-element-c012c4a e-con-full e-flex e-con e-child\" data-id=\"c012c4a\" data-element_type=\"container\" data-e-type=\"container\">\n\t\t\t\t<div class=\"elementor-element elementor-element-7db9f6e elementor-widget-mobile__width-initial elementor-widget elementor-widget-image\" data-id=\"7db9f6e\" data-element_type=\"widget\" data-e-type=\"widget\" data-widget_type=\"image.default\">\n\t\t\t\t<div class=\"elementor-widget-container\">\n\t\t\t\t\t\t\t\t\t\t\t\t\t\t\t<img fetchpriority=\"high\" decoding=\"async\" width=\"670\" height=\"664\" src=\"https:\/\/ibsal.es\/wp-content\/uploads\/2024\/10\/qr-canal-denuncias-ibsal.png\" class=\"attachment-full size-full wp-image-6026\" alt=\"\" srcset=\"https:\/\/ibsal.es\/wp-content\/uploads\/2024\/10\/qr-canal-denuncias-ibsal.png 670w, https:\/\/ibsal.es\/wp-content\/uploads\/2024\/10\/qr-canal-denuncias-ibsal-300x297.png 300w, https:\/\/ibsal.es\/wp-content\/uploads\/2024\/10\/qr-canal-denuncias-ibsal-150x150.png 150w\" sizes=\"(max-width: 670px) 100vw, 670px\" \/>\t\t\t\t\t\t\t\t\t\t\t\t\t\t\t<\/div>\n\t\t\t\t<\/div>\n\t\t\t\t<\/div>\n\t\t\t\t\t<\/div>\n\t\t\t\t<\/div>\n\t\t<div class=\"elementor-element elementor-element-55a768c e-flex e-con-boxed e-con e-parent\" data-id=\"55a768c\" data-element_type=\"container\" data-e-type=\"container\">\n\t\t\t\t\t<div class=\"e-con-inner\">\n\t\t<div class=\"elementor-element elementor-element-d6e9461 e-con-full e-flex e-con e-child\" data-id=\"d6e9461\" data-element_type=\"container\" data-e-type=\"container\">\n\t\t\t\t<div class=\"elementor-element elementor-element-f51fadb elementor-widget__width-initial elementor-widget-mobile__width-initial elementor-widget elementor-widget-image\" data-id=\"f51fadb\" data-element_type=\"widget\" data-e-type=\"widget\" data-widget_type=\"image.default\">\n\t\t\t\t<div class=\"elementor-widget-container\">\n\t\t\t\t\t\t\t\t\t\t\t\t\t\t\t<img decoding=\"async\" width=\"504\" height=\"375\" src=\"https:\/\/ibsal.es\/wp-content\/uploads\/2025\/01\/Canal-Denuncia-P1-IBSAL.png\" class=\"attachment-large size-large wp-image-6406\" alt=\"\" srcset=\"https:\/\/ibsal.es\/wp-content\/uploads\/2025\/01\/Canal-Denuncia-P1-IBSAL.png 504w, https:\/\/ibsal.es\/wp-content\/uploads\/2025\/01\/Canal-Denuncia-P1-IBSAL-300x223.png 300w\" sizes=\"(max-width: 504px) 100vw, 504px\" \/>\t\t\t\t\t\t\t\t\t\t\t\t\t\t\t<\/div>\n\t\t\t\t<\/div>\n\t\t\t\t<\/div>\n\t\t<div class=\"elementor-element elementor-element-a3e43c4 e-con-full e-flex e-con e-child\" data-id=\"a3e43c4\" data-element_type=\"container\" data-e-type=\"container\">\n\t\t\t\t<div class=\"elementor-element elementor-element-46dcfbf elementor-widget-tablet__width-initial elementor-widget-mobile__width-initial elementor-widget elementor-widget-heading\" data-id=\"46dcfbf\" data-element_type=\"widget\" data-e-type=\"widget\" data-widget_type=\"heading.default\">\n\t\t\t\t<div class=\"elementor-widget-container\">\n\t\t\t\t\t<h2 class=\"elementor-heading-title elementor-size-default\">Reasons for communications:<\/h2>\t\t\t\t<\/div>\n\t\t\t\t<\/div>\n\t\t\t\t<div class=\"elementor-element elementor-element-7483367 elementor-widget-mobile__width-initial elementor-widget-divider--view-line elementor-widget elementor-widget-divider\" data-id=\"7483367\" data-element_type=\"widget\" data-e-type=\"widget\" data-widget_type=\"divider.default\">\n\t\t\t\t<div class=\"elementor-widget-container\">\n\t\t\t\t\t\t\t<div class=\"elementor-divider\">\n\t\t\t<span class=\"elementor-divider-separator\">\n\t\t\t\t\t\t<\/span>\n\t\t<\/div>\n\t\t\t\t\t\t<\/div>\n\t\t\t\t<\/div>\n\t\t\t\t<div class=\"elementor-element elementor-element-52bc7d8 elementor-widget-mobile__width-initial elementor-icon-list--layout-traditional elementor-list-item-link-full_width elementor-widget elementor-widget-icon-list\" data-id=\"52bc7d8\" data-element_type=\"widget\" data-e-type=\"widget\" data-widget_type=\"icon-list.default\">\n\t\t\t\t<div class=\"elementor-widget-container\">\n\t\t\t\t\t\t\t<ul class=\"elementor-icon-list-items\">\n\t\t\t\t\t\t\t<li class=\"elementor-icon-list-item\">\n\t\t\t\t\t\t\t\t\t\t\t<span class=\"elementor-icon-list-icon\">\n\t\t\t\t\t\t\t<svg xmlns=\"http:\/\/www.w3.org\/2000\/svg\" width=\"24\" height=\"24\" viewBox=\"0 0 24 24\" fill=\"none\"><path d=\"M12 2C6.49 2 2 6.49 2 12C2 17.51 6.49 22 12 22C17.51 22 22 17.51 22 12C22 6.49 17.51 2 12 2ZM16.78 9.7L11.11 15.37C10.97 15.51 10.78 15.59 10.58 15.59C10.38 15.59 10.19 15.51 10.05 15.37L7.22 12.54C6.93 12.25 6.93 11.77 7.22 11.48C7.51 11.19 7.99 11.19 8.28 11.48L10.58 13.78L15.72 8.64C16.01 8.35 16.49 8.35 16.78 8.64C17.07 8.93 17.07 9.4 16.78 9.7Z\" fill=\"#003C8C\"><\/path><\/svg>\t\t\t\t\t\t<\/span>\n\t\t\t\t\t\t\t\t\t\t<span class=\"elementor-icon-list-text\">Public Procurement<\/span>\n\t\t\t\t\t\t\t\t\t<\/li>\n\t\t\t\t\t\t\t\t<li class=\"elementor-icon-list-item\">\n\t\t\t\t\t\t\t\t\t\t\t<span class=\"elementor-icon-list-icon\">\n\t\t\t\t\t\t\t<svg xmlns=\"http:\/\/www.w3.org\/2000\/svg\" width=\"24\" height=\"24\" viewBox=\"0 0 24 24\" fill=\"none\"><path d=\"M12 2C6.49 2 2 6.49 2 12C2 17.51 6.49 22 12 22C17.51 22 22 17.51 22 12C22 6.49 17.51 2 12 2ZM16.78 9.7L11.11 15.37C10.97 15.51 10.78 15.59 10.58 15.59C10.38 15.59 10.19 15.51 10.05 15.37L7.22 12.54C6.93 12.25 6.93 11.77 7.22 11.48C7.51 11.19 7.99 11.19 8.28 11.48L10.58 13.78L15.72 8.64C16.01 8.35 16.49 8.35 16.78 8.64C17.07 8.93 17.07 9.4 16.78 9.7Z\" fill=\"#003C8C\"><\/path><\/svg>\t\t\t\t\t\t<\/span>\n\t\t\t\t\t\t\t\t\t\t<span class=\"elementor-icon-list-text\">Product safety and compliance<\/span>\n\t\t\t\t\t\t\t\t\t<\/li>\n\t\t\t\t\t\t\t\t<li class=\"elementor-icon-list-item\">\n\t\t\t\t\t\t\t\t\t\t\t<span class=\"elementor-icon-list-icon\">\n\t\t\t\t\t\t\t<svg xmlns=\"http:\/\/www.w3.org\/2000\/svg\" width=\"24\" height=\"24\" viewBox=\"0 0 24 24\" fill=\"none\"><path d=\"M12 2C6.49 2 2 6.49 2 12C2 17.51 6.49 22 12 22C17.51 22 22 17.51 22 12C22 6.49 17.51 2 12 2ZM16.78 9.7L11.11 15.37C10.97 15.51 10.78 15.59 10.58 15.59C10.38 15.59 10.19 15.51 10.05 15.37L7.22 12.54C6.93 12.25 6.93 11.77 7.22 11.48C7.51 11.19 7.99 11.19 8.28 11.48L10.58 13.78L15.72 8.64C16.01 8.35 16.49 8.35 16.78 8.64C17.07 8.93 17.07 9.4 16.78 9.7Z\" fill=\"#003C8C\"><\/path><\/svg>\t\t\t\t\t\t<\/span>\n\t\t\t\t\t\t\t\t\t\t<span class=\"elementor-icon-list-text\">Transportation safety<\/span>\n\t\t\t\t\t\t\t\t\t<\/li>\n\t\t\t\t\t\t\t\t<li class=\"elementor-icon-list-item\">\n\t\t\t\t\t\t\t\t\t\t\t<span class=\"elementor-icon-list-icon\">\n\t\t\t\t\t\t\t<svg xmlns=\"http:\/\/www.w3.org\/2000\/svg\" width=\"24\" height=\"24\" viewBox=\"0 0 24 24\" fill=\"none\"><path d=\"M12 2C6.49 2 2 6.49 2 12C2 17.51 6.49 22 12 22C17.51 22 22 17.51 22 12C22 6.49 17.51 2 12 2ZM16.78 9.7L11.11 15.37C10.97 15.51 10.78 15.59 10.58 15.59C10.38 15.59 10.19 15.51 10.05 15.37L7.22 12.54C6.93 12.25 6.93 11.77 7.22 11.48C7.51 11.19 7.99 11.19 8.28 11.48L10.58 13.78L15.72 8.64C16.01 8.35 16.49 8.35 16.78 8.64C17.07 8.93 17.07 9.4 16.78 9.7Z\" fill=\"#003C8C\"><\/path><\/svg>\t\t\t\t\t\t<\/span>\n\t\t\t\t\t\t\t\t\t\t<span class=\"elementor-icon-list-text\">Environmental protection<\/span>\n\t\t\t\t\t\t\t\t\t<\/li>\n\t\t\t\t\t\t\t\t<li class=\"elementor-icon-list-item\">\n\t\t\t\t\t\t\t\t\t\t\t<span class=\"elementor-icon-list-icon\">\n\t\t\t\t\t\t\t<svg xmlns=\"http:\/\/www.w3.org\/2000\/svg\" width=\"24\" height=\"24\" viewBox=\"0 0 24 24\" fill=\"none\"><path d=\"M12 2C6.49 2 2 6.49 2 12C2 17.51 6.49 22 12 22C17.51 22 22 17.51 22 12C22 6.49 17.51 2 12 2ZM16.78 9.7L11.11 15.37C10.97 15.51 10.78 15.59 10.58 15.59C10.38 15.59 10.19 15.51 10.05 15.37L7.22 12.54C6.93 12.25 6.93 11.77 7.22 11.48C7.51 11.19 7.99 11.19 8.28 11.48L10.58 13.78L15.72 8.64C16.01 8.35 16.49 8.35 16.78 8.64C17.07 8.93 17.07 9.4 16.78 9.7Z\" fill=\"#003C8C\"><\/path><\/svg>\t\t\t\t\t\t<\/span>\n\t\t\t\t\t\t\t\t\t\t<span class=\"elementor-icon-list-text\">Radiation protection and nuclear security<\/span>\n\t\t\t\t\t\t\t\t\t<\/li>\n\t\t\t\t\t\t\t\t<li class=\"elementor-icon-list-item\">\n\t\t\t\t\t\t\t\t\t\t\t<span class=\"elementor-icon-list-icon\">\n\t\t\t\t\t\t\t<svg xmlns=\"http:\/\/www.w3.org\/2000\/svg\" width=\"24\" height=\"24\" viewBox=\"0 0 24 24\" fill=\"none\"><path d=\"M12 2C6.49 2 2 6.49 2 12C2 17.51 6.49 22 12 22C17.51 22 22 17.51 22 12C22 6.49 17.51 2 12 2ZM16.78 9.7L11.11 15.37C10.97 15.51 10.78 15.59 10.58 15.59C10.38 15.59 10.19 15.51 10.05 15.37L7.22 12.54C6.93 12.25 6.93 11.77 7.22 11.48C7.51 11.19 7.99 11.19 8.28 11.48L10.58 13.78L15.72 8.64C16.01 8.35 16.49 8.35 16.78 8.64C17.07 8.93 17.07 9.4 16.78 9.7Z\" fill=\"#003C8C\"><\/path><\/svg>\t\t\t\t\t\t<\/span>\n\t\t\t\t\t\t\t\t\t\t<span class=\"elementor-icon-list-text\">Public health<\/span>\n\t\t\t\t\t\t\t\t\t<\/li>\n\t\t\t\t\t\t\t\t<li class=\"elementor-icon-list-item\">\n\t\t\t\t\t\t\t\t\t\t\t<span class=\"elementor-icon-list-icon\">\n\t\t\t\t\t\t\t<svg xmlns=\"http:\/\/www.w3.org\/2000\/svg\" width=\"24\" height=\"24\" viewBox=\"0 0 24 24\" fill=\"none\"><path d=\"M12 2C6.49 2 2 6.49 2 12C2 17.51 6.49 22 12 22C17.51 22 22 17.51 22 12C22 6.49 17.51 2 12 2ZM16.78 9.7L11.11 15.37C10.97 15.51 10.78 15.59 10.58 15.59C10.38 15.59 10.19 15.51 10.05 15.37L7.22 12.54C6.93 12.25 6.93 11.77 7.22 11.48C7.51 11.19 7.99 11.19 8.28 11.48L10.58 13.78L15.72 8.64C16.01 8.35 16.49 8.35 16.78 8.64C17.07 8.93 17.07 9.4 16.78 9.7Z\" fill=\"#003C8C\"><\/path><\/svg>\t\t\t\t\t\t<\/span>\n\t\t\t\t\t\t\t\t\t\t<span class=\"elementor-icon-list-text\">Food and feed safety, animal health and animal welfare<\/span>\n\t\t\t\t\t\t\t\t\t<\/li>\n\t\t\t\t\t\t\t\t<li class=\"elementor-icon-list-item\">\n\t\t\t\t\t\t\t\t\t\t\t<span class=\"elementor-icon-list-icon\">\n\t\t\t\t\t\t\t<svg xmlns=\"http:\/\/www.w3.org\/2000\/svg\" width=\"24\" height=\"24\" viewBox=\"0 0 24 24\" fill=\"none\"><path d=\"M12 2C6.49 2 2 6.49 2 12C2 17.51 6.49 22 12 22C17.51 22 22 17.51 22 12C22 6.49 17.51 2 12 2ZM16.78 9.7L11.11 15.37C10.97 15.51 10.78 15.59 10.58 15.59C10.38 15.59 10.19 15.51 10.05 15.37L7.22 12.54C6.93 12.25 6.93 11.77 7.22 11.48C7.51 11.19 7.99 11.19 8.28 11.48L10.58 13.78L15.72 8.64C16.01 8.35 16.49 8.35 16.78 8.64C17.07 8.93 17.07 9.4 16.78 9.7Z\" fill=\"#003C8C\"><\/path><\/svg>\t\t\t\t\t\t<\/span>\n\t\t\t\t\t\t\t\t\t\t<span class=\"elementor-icon-list-text\">Financial services, products and markets, and prevention of money laundering and terrorist financing<\/span>\n\t\t\t\t\t\t\t\t\t<\/li>\n\t\t\t\t\t\t<\/ul>\n\t\t\t\t\t\t<\/div>\n\t\t\t\t<\/div>\n\t\t\t\t<\/div>\n\t\t\t\t\t<\/div>\n\t\t\t\t<\/div>\n\t\t<div class=\"elementor-element elementor-element-79a7f80 e-flex e-con-boxed e-con e-parent\" data-id=\"79a7f80\" data-element_type=\"container\" data-e-type=\"container\" data-settings=\"{&quot;background_background&quot;:&quot;classic&quot;}\">\n\t\t\t\t\t<div class=\"e-con-inner\">\n\t\t\t\t<div class=\"elementor-element elementor-element-2b21e21 elementor-widget__width-initial elementor-widget-mobile__width-inherit elementor-widget elementor-widget-text-editor\" data-id=\"2b21e21\" data-element_type=\"widget\" data-e-type=\"widget\" data-widget_type=\"text-editor.default\">\n\t\t\t\t<div class=\"elementor-widget-container\">\n\t\t\t\t\t\t\t\t\t<p>Any processing of personal data carried out as a result of the application of this Channel, will be carried out in accordance with Regulation (EU) 2016\/679 and Directive (EU) 2016\/680. In turn, we must take into account Article 24 of the LOPDGDD, which complements the General Data Protection Regulation (GDPR) and regulates the complaints system. You can request more information about how we treat your data by contacting us at protecciondedatos@ibsal.es.  <\/p>\t\t\t\t\t\t\t\t<\/div>\n\t\t\t\t<\/div>\n\t\t\t\t\t<\/div>\n\t\t\t\t<\/div>\n\t\t\t\t<\/div>\n\t\t","protected":false},"excerpt":{"rendered":"<p>Complaints channel Please note that this whistleblower channel is for the exclusive use of personnel hired and assigned to the institute. Channel enabled If you, as a stakeholder of IBSAL, [&hellip;]<\/p>\n","protected":false},"author":4,"featured_media":0,"parent":0,"menu_order":0,"comment_status":"closed","ping_status":"closed","template":"","meta":{"_acf_changed":false,"_price":"","_stock":"","_tribe_ticket_header":"","_tribe_default_ticket_provider":"","_tribe_ticket_capacity":"0","_ticket_start_date":"","_ticket_end_date":"","_tribe_ticket_show_description":"","_tribe_ticket_show_not_going":false,"_tribe_ticket_use_global_stock":"","_tribe_ticket_global_stock_level":"","_global_stock_mode":"","_global_stock_cap":"","_tribe_rsvp_for_event":"","_tribe_ticket_going_count":"","_tribe_ticket_not_going_count":"","_tribe_tickets_list":"[]","_tribe_ticket_has_attendee_info_fields":false,"footnotes":""},"class_list":["post-8076","page","type-page","status-publish","hentry"],"acf":[],"yoast_head":"<!-- This site is optimized with the Yoast SEO Premium plugin v20.12 (Yoast SEO v27.3) - https:\/\/yoast.com\/product\/yoast-seo-premium-wordpress\/ -->\n<title>Complaints channel | IBSAL<\/title>\n<meta name=\"robots\" content=\"index, follow, max-snippet:-1, max-image-preview:large, max-video-preview:-1\" \/>\n<link rel=\"canonical\" href=\"https:\/\/ibsal.es\/en\/complaints-channel\/\" \/>\n<meta property=\"og:locale\" content=\"en_US\" \/>\n<meta property=\"og:type\" content=\"article\" \/>\n<meta property=\"og:title\" content=\"Complaints channel\" \/>\n<meta property=\"og:description\" content=\"Complaints channel Please note that this whistleblower channel is for the exclusive use of personnel hired and assigned to the institute. Channel enabled If you, as a stakeholder of IBSAL, [&hellip;]\" \/>\n<meta property=\"og:url\" content=\"https:\/\/ibsal.es\/en\/complaints-channel\/\" \/>\n<meta property=\"og:site_name\" content=\"IBSAL\" \/>\n<meta property=\"article:modified_time\" content=\"2025-03-12T10:43:33+00:00\" \/>\n<meta property=\"og:image\" content=\"https:\/\/ibsal.es\/wp-content\/uploads\/2024\/10\/qr-canal-denuncias-ibsal.png\" \/>\n<meta name=\"twitter:card\" content=\"summary_large_image\" \/>\n<meta name=\"twitter:label1\" content=\"Est. reading time\" \/>\n\t<meta name=\"twitter:data1\" content=\"1 minute\" \/>\n<script type=\"application\/ld+json\" class=\"yoast-schema-graph\">{\"@context\":\"https:\\\/\\\/schema.org\",\"@graph\":[{\"@type\":\"WebPage\",\"@id\":\"https:\\\/\\\/ibsal.es\\\/en\\\/complaints-channel\\\/\",\"url\":\"https:\\\/\\\/ibsal.es\\\/en\\\/complaints-channel\\\/\",\"name\":\"Complaints channel | IBSAL\",\"isPartOf\":{\"@id\":\"https:\\\/\\\/ibsal.es\\\/en\\\/#website\"},\"primaryImageOfPage\":{\"@id\":\"https:\\\/\\\/ibsal.es\\\/en\\\/complaints-channel\\\/#primaryimage\"},\"image\":{\"@id\":\"https:\\\/\\\/ibsal.es\\\/en\\\/complaints-channel\\\/#primaryimage\"},\"thumbnailUrl\":\"https:\\\/\\\/ibsal.es\\\/wp-content\\\/uploads\\\/2024\\\/10\\\/qr-canal-denuncias-ibsal.png\",\"datePublished\":\"2024-10-15T07:02:57+00:00\",\"dateModified\":\"2025-03-12T10:43:33+00:00\",\"breadcrumb\":{\"@id\":\"https:\\\/\\\/ibsal.es\\\/en\\\/complaints-channel\\\/#breadcrumb\"},\"inLanguage\":\"en-US\",\"potentialAction\":[{\"@type\":\"ReadAction\",\"target\":[\"https:\\\/\\\/ibsal.es\\\/en\\\/complaints-channel\\\/\"]}]},{\"@type\":\"ImageObject\",\"inLanguage\":\"en-US\",\"@id\":\"https:\\\/\\\/ibsal.es\\\/en\\\/complaints-channel\\\/#primaryimage\",\"url\":\"https:\\\/\\\/ibsal.es\\\/wp-content\\\/uploads\\\/2024\\\/10\\\/qr-canal-denuncias-ibsal.png\",\"contentUrl\":\"https:\\\/\\\/ibsal.es\\\/wp-content\\\/uploads\\\/2024\\\/10\\\/qr-canal-denuncias-ibsal.png\"},{\"@type\":\"BreadcrumbList\",\"@id\":\"https:\\\/\\\/ibsal.es\\\/en\\\/complaints-channel\\\/#breadcrumb\",\"itemListElement\":[{\"@type\":\"ListItem\",\"position\":1,\"name\":\"Portada\",\"item\":\"https:\\\/\\\/ibsal.es\\\/en\\\/\"},{\"@type\":\"ListItem\",\"position\":2,\"name\":\"Complaints channel\"}]},{\"@type\":\"WebSite\",\"@id\":\"https:\\\/\\\/ibsal.es\\\/en\\\/#website\",\"url\":\"https:\\\/\\\/ibsal.es\\\/en\\\/\",\"name\":\"IBSAL\",\"description\":\"Benchmarks in translational research in biomedicine in Castilla y Le\u00f3n\",\"alternateName\":\"Instituto de Investigaci\u00f3n Biom\u00e9dica de Salamanca\",\"potentialAction\":[{\"@type\":\"SearchAction\",\"target\":{\"@type\":\"EntryPoint\",\"urlTemplate\":\"https:\\\/\\\/ibsal.es\\\/en\\\/?s={search_term_string}\"},\"query-input\":{\"@type\":\"PropertyValueSpecification\",\"valueRequired\":true,\"valueName\":\"search_term_string\"}}],\"inLanguage\":\"en-US\"}]}<\/script>\n<!-- \/ Yoast SEO Premium plugin. -->","yoast_head_json":{"title":"Complaints channel | IBSAL","robots":{"index":"index","follow":"follow","max-snippet":"max-snippet:-1","max-image-preview":"max-image-preview:large","max-video-preview":"max-video-preview:-1"},"canonical":"https:\/\/ibsal.es\/en\/complaints-channel\/","og_locale":"en_US","og_type":"article","og_title":"Complaints channel","og_description":"Complaints channel Please note that this whistleblower channel is for the exclusive use of personnel hired and assigned to the institute. Channel enabled If you, as a stakeholder of IBSAL, [&hellip;]","og_url":"https:\/\/ibsal.es\/en\/complaints-channel\/","og_site_name":"IBSAL","article_modified_time":"2025-03-12T10:43:33+00:00","og_image":[{"url":"https:\/\/ibsal.es\/wp-content\/uploads\/2024\/10\/qr-canal-denuncias-ibsal.png","type":"","width":"","height":""}],"twitter_card":"summary_large_image","twitter_misc":{"Est. reading time":"1 minute"},"schema":{"@context":"https:\/\/schema.org","@graph":[{"@type":"WebPage","@id":"https:\/\/ibsal.es\/en\/complaints-channel\/","url":"https:\/\/ibsal.es\/en\/complaints-channel\/","name":"Complaints channel | IBSAL","isPartOf":{"@id":"https:\/\/ibsal.es\/en\/#website"},"primaryImageOfPage":{"@id":"https:\/\/ibsal.es\/en\/complaints-channel\/#primaryimage"},"image":{"@id":"https:\/\/ibsal.es\/en\/complaints-channel\/#primaryimage"},"thumbnailUrl":"https:\/\/ibsal.es\/wp-content\/uploads\/2024\/10\/qr-canal-denuncias-ibsal.png","datePublished":"2024-10-15T07:02:57+00:00","dateModified":"2025-03-12T10:43:33+00:00","breadcrumb":{"@id":"https:\/\/ibsal.es\/en\/complaints-channel\/#breadcrumb"},"inLanguage":"en-US","potentialAction":[{"@type":"ReadAction","target":["https:\/\/ibsal.es\/en\/complaints-channel\/"]}]},{"@type":"ImageObject","inLanguage":"en-US","@id":"https:\/\/ibsal.es\/en\/complaints-channel\/#primaryimage","url":"https:\/\/ibsal.es\/wp-content\/uploads\/2024\/10\/qr-canal-denuncias-ibsal.png","contentUrl":"https:\/\/ibsal.es\/wp-content\/uploads\/2024\/10\/qr-canal-denuncias-ibsal.png"},{"@type":"BreadcrumbList","@id":"https:\/\/ibsal.es\/en\/complaints-channel\/#breadcrumb","itemListElement":[{"@type":"ListItem","position":1,"name":"Portada","item":"https:\/\/ibsal.es\/en\/"},{"@type":"ListItem","position":2,"name":"Complaints channel"}]},{"@type":"WebSite","@id":"https:\/\/ibsal.es\/en\/#website","url":"https:\/\/ibsal.es\/en\/","name":"IBSAL","description":"Benchmarks in translational research in biomedicine in Castilla y Le\u00f3n","alternateName":"Instituto de Investigaci\u00f3n Biom\u00e9dica de Salamanca","potentialAction":[{"@type":"SearchAction","target":{"@type":"EntryPoint","urlTemplate":"https:\/\/ibsal.es\/en\/?s={search_term_string}"},"query-input":{"@type":"PropertyValueSpecification","valueRequired":true,"valueName":"search_term_string"}}],"inLanguage":"en-US"}]}},"_links":{"self":[{"href":"https:\/\/ibsal.es\/en\/wp-json\/wp\/v2\/pages\/8076","targetHints":{"allow":["GET"]}}],"collection":[{"href":"https:\/\/ibsal.es\/en\/wp-json\/wp\/v2\/pages"}],"about":[{"href":"https:\/\/ibsal.es\/en\/wp-json\/wp\/v2\/types\/page"}],"author":[{"embeddable":true,"href":"https:\/\/ibsal.es\/en\/wp-json\/wp\/v2\/users\/4"}],"replies":[{"embeddable":true,"href":"https:\/\/ibsal.es\/en\/wp-json\/wp\/v2\/comments?post=8076"}],"version-history":[{"count":0,"href":"https:\/\/ibsal.es\/en\/wp-json\/wp\/v2\/pages\/8076\/revisions"}],"wp:attachment":[{"href":"https:\/\/ibsal.es\/en\/wp-json\/wp\/v2\/media?parent=8076"}],"curies":[{"name":"wp","href":"https:\/\/api.w.org\/{rel}","templated":true}]}}