{"id":7081,"date":"2024-10-18T07:03:04","date_gmt":"2024-10-18T07:03:04","guid":{"rendered":"https:\/\/ibsal.es\/jobs\/"},"modified":"2025-03-12T10:43:50","modified_gmt":"2025-03-12T10:43:50","slug":"jobs","status":"publish","type":"page","link":"https:\/\/ibsal.es\/en\/jobs\/","title":{"rendered":"Jobs"},"content":{"rendered":"\t<div class=\"awsm-job-wrap\">\n\n\t\t<div class=\"awsm-filter-wrap\"><form action=\"https:\/\/ibsal.es\/wp-admin\/admin-ajax.php\" method=\"POST\"><div class=\"awsm-filter-item-search\"><div class=\"awsm-filter-item-search-in\"><label for=\"awsm-jq-1\" class=\"awsm-sr-only\">Buscar<\/label><input type=\"text\" id=\"awsm-jq-1\" name=\"jq\" value=\"\" placeholder=\"Buscar\" class=\"awsm-job-search awsm-job-form-control\"><span class=\"awsm-job-search-btn awsm-job-search-icon-wrapper\"><i class=\"awsm-job-icon-search\"><\/i><\/span><span class=\"awsm-job-search-close-btn awsm-job-search-icon-wrapper awsm-job-hide\"><i class=\"awsm-job-icon-close-circle\"><\/i><\/span><\/div><\/div><a href=\"#\" class=\"awsm-filter-toggle\" role=\"button\" aria-pressed=\"false\"><span class=\"awsm-filter-toggle-text-wrapper awsm-sr-only\">Filter by<\/span><svg width=\"100\" height=\"100\" viewBox=\"0 0 100 100\" xmlns=\"http:\/\/www.w3.org\/2000\/svg\" version=\"1.1\" preserveAspectRatio=\"xMinYMin\"><path xmlns=\"http:\/\/www.w3.org\/2000\/svg\" fill=\"rgb(9.803922%,9.803922%,9.803922%)\" d=\"M 36.417969 19.9375 L 36.417969 17.265625 C 36.417969 16.160156 35.523438 15.265625 34.417969 15.265625 L 21.578125 15.265625 C 20.476562 15.265625 19.578125 16.160156 19.578125 17.265625 L 19.578125 19.9375 L 11 19.9375 L 11 26.9375 L 19.578125 26.9375 L 19.578125 30.105469 C 19.578125 31.210938 20.476562 32.105469 21.578125 32.105469 L 34.417969 32.105469 C 35.523438 32.105469 36.417969 31.210938 36.417969 30.105469 L 36.417969 26.9375 L 89 26.9375 L 89 19.9375 Z M 58.421875 43.578125 C 58.421875 42.476562 57.527344 41.578125 56.421875 41.578125 L 43.582031 41.578125 C 42.480469 41.578125 41.582031 42.476562 41.582031 43.578125 L 41.582031 46.5 L 11 46.5 L 11 53.5 L 41.582031 53.5 L 41.582031 56.421875 C 41.582031 57.527344 42.480469 58.421875 43.582031 58.421875 L 56.421875 58.421875 C 57.527344 58.421875 58.421875 57.527344 58.421875 56.421875 L 58.421875 53.5 L 89 53.5 L 89 46.5 L 58.421875 46.5 Z M 80.417969 70.140625 C 80.417969 69.035156 79.523438 68.140625 78.417969 68.140625 L 65.578125 68.140625 C 64.476562 68.140625 63.578125 69.035156 63.578125 70.140625 L 63.578125 73.0625 L 11 73.0625 L 11 80.0625 L 63.578125 80.0625 L 63.578125 82.984375 C 63.578125 84.085938 64.476562 84.984375 65.578125 84.984375 L 78.417969 84.984375 C 79.523438 84.984375 80.417969 84.085938 80.417969 82.984375 L 80.417969 80.0625 L 89 80.0625 L 89 73.0625 L 80.417969 73.0625 Z M 80.417969 70.140625\"\/><\/svg><\/a><div class=\"awsm-filter-items\"><div class=\"awsm-filter-item\" data-filter=\"departamento_spec\"><label for=\"awsm-departamento-filter-option-1\" class=\"awsm-sr-only\">Todos Departamento<\/label><select name=\"awsm_job_spec[departamento]\" class=\"awsm-filter-option awsm-departamento-filter-option\" id=\"awsm-departamento-filter-option-1\" aria-label=\"Todos Departamento\"><option value=\"\">Todos Departamento<\/option><option value=\"390\" data-slug=\"fibsal-fundacion-de-investigacion-biomedica-de-salamanca-departamento-de-hematologia-hospital-universitario-de-salamanca-laboratorio-12-del-centro-de-investigacion-del-cancer\">FIBSAL: Fundaci\u00f3n de Investigaci\u00f3n Biom\u00e9dica de Salamanca. Departamento de Hematolog\u00eda. Hospital Universitario de Salamanca. Laboratorio 12 del Centro de Investigaci\u00f3n del C\u00e1ncer.<\/option><option value=\"325\" data-slug=\"fundacion-de-investigacion-biomedica-de-salamanca-fibsal\">Fundaci\u00f3n de Investigaci\u00f3n Biom\u00e9dica de Salamanca (FIBSAL).<\/option><\/select><\/div><div class=\"awsm-filter-item\" data-filter=\"tipo__de__contrato_spec\"><label for=\"awsm-tipo-de-contrato-filter-option-1\" class=\"awsm-sr-only\">Todos Tipo de contrato<\/label><select name=\"awsm_job_spec[tipo-de-contrato]\" class=\"awsm-filter-option awsm-tipo-de-contrato-filter-option\" id=\"awsm-tipo-de-contrato-filter-option-1\" aria-label=\"Todos Tipo de contrato\"><option value=\"\">Todos Tipo de contrato<\/option><option value=\"192\" data-slug=\"contrato-de-duracion-determinada-jornada-completa\">Contrato de duraci\u00f3n determinada. Jornada completa<\/option><option value=\"181\" data-slug=\"contrato-indefinido-jornada-completa\">Contrato indefinido. Jornada completa<\/option><\/select><\/div><\/div><input type=\"hidden\" name=\"lang\" value=\"en\"><input type=\"hidden\" name=\"action\" value=\"jobfilter\"><\/form><\/div>\n\t\t<div class=\"awsm-job-listings awsm-row awsm-grid-col-3\" data-listings=\"9\" data-lang=\"en\">\n\t\t\t\t\t<div class=\"awsm-job-listing-item awsm-job-expired-item awsm-grid-item\" id=\"awsm-grid-item-9677\">\t\t<a href=\"https:\/\/ibsal.es\/en\/?post_type=awsm_job_openings&#038;p=9677\" class=\"awsm-job-item\">\t\t\t<div class=\"awsm-grid-left-col\">\n\t\t\t\t\n\t\t\t\t\n\t\t\t\t<h2 class=\"awsm-job-post-title\">\n\t\t\t\t\tRef.28_2025. Senior Research Graduate\t\t\t\t<\/h2>\n\n\t\t\t\t\t\t\t<\/div>\n\n\t\t\t<div class=\"awsm-grid-right-col\">\n\t\t\t\t<div class=\"awsm-job-specification-wrapper\"><div class=\"awsm-job-specification-item awsm-job-specification-departamento\"><i class=\"awsm-job-icon-map-marker\"><\/i><span class=\"awsm-job-specification-term\">IBSAL: Servicio de Hematolog\u00eda Hospital Universitario de Salamanca<\/span> <\/div><div class=\"awsm-job-specification-item awsm-job-specification-tipo-de-contrato\"><i class=\"awsm-job-icon-file\"><\/i><span class=\"awsm-job-specification-term\">Contrato temporal. Jornada completa<\/span> <\/div><div class=\"awsm-job-specification-item awsm-job-specification-referencia\"><i class=\"awsm-job-icon-folder\"><\/i><span class=\"awsm-job-specification-term\">Ref.28_2025<\/span> <\/div><\/div><div class=\"awsm-job-more-container\"><span class=\"awsm-job-more\">M\u00e1s detalles <span><\/span><\/span><\/div>\t\t\t<\/div>\n\t\t<\/a>\t<\/div><div class=\"awsm-job-listing-item awsm-job-expired-item awsm-grid-item\" id=\"awsm-grid-item-9593\">\t\t<a href=\"https:\/\/ibsal.es\/en\/?post_type=awsm_job_openings&#038;p=9593\" class=\"awsm-job-item\">\t\t\t<div class=\"awsm-grid-left-col\">\n\t\t\t\t\n\t\t\t\t\n\t\t\t\t<h2 class=\"awsm-job-post-title\">\n\t\t\t\t\tRef.27_2025. Research Nurse\t\t\t\t<\/h2>\n\n\t\t\t\t\t\t\t<\/div>\n\n\t\t\t<div class=\"awsm-grid-right-col\">\n\t\t\t\t<div class=\"awsm-job-specification-wrapper\"><div class=\"awsm-job-specification-item awsm-job-specification-departamento\"><i class=\"awsm-job-icon-map-marker\"><\/i><span class=\"awsm-job-specification-term\">IBSAL: Servicio de Hematolog\u00eda Hospital Universitario de Salamanca<\/span> <\/div><div class=\"awsm-job-specification-item awsm-job-specification-tipo-de-contrato\"><i class=\"awsm-job-icon-file\"><\/i><span class=\"awsm-job-specification-term\">Contrato temporal. Jornada completa<\/span> <\/div><div class=\"awsm-job-specification-item awsm-job-specification-referencia\"><i class=\"awsm-job-icon-folder\"><\/i><span class=\"awsm-job-specification-term\">Ref.27_2025<\/span> <\/div><\/div><div class=\"awsm-job-more-container\"><span class=\"awsm-job-more\">M\u00e1s detalles <span><\/span><\/span><\/div>\t\t\t<\/div>\n\t\t<\/a>\t<\/div><div class=\"awsm-job-listing-item awsm-job-expired-item awsm-grid-item\" id=\"awsm-grid-item-9589\">\t\t<a href=\"https:\/\/ibsal.es\/en\/?post_type=awsm_job_openings&#038;p=9589\" class=\"awsm-job-item\">\t\t\t<div class=\"awsm-grid-left-col\">\n\t\t\t\t\n\t\t\t\t\n\t\t\t\t<h2 class=\"awsm-job-post-title\">\n\t\t\t\t\tRef.26_2025. Administrative Management in Clinical Trials Research\t\t\t\t<\/h2>\n\n\t\t\t\t\t\t\t<\/div>\n\n\t\t\t<div class=\"awsm-grid-right-col\">\n\t\t\t\t<div class=\"awsm-job-specification-wrapper\"><div class=\"awsm-job-specification-item awsm-job-specification-departamento\"><i class=\"awsm-job-icon-map-marker\"><\/i><span class=\"awsm-job-specification-term\">Unidad T\u00e9cnica de Gesti\u00f3n<\/span> <\/div><div class=\"awsm-job-specification-item awsm-job-specification-tipo-de-contrato\"><i class=\"awsm-job-icon-file\"><\/i><span class=\"awsm-job-specification-term\">Contrato indefinido. Jornada completa<\/span> <\/div><div class=\"awsm-job-specification-item awsm-job-specification-referencia\"><i class=\"awsm-job-icon-folder\"><\/i><span class=\"awsm-job-specification-term\">Ref.26\/2025<\/span> <\/div><\/div><div class=\"awsm-job-more-container\"><span class=\"awsm-job-more\">M\u00e1s detalles <span><\/span><\/span><\/div>\t\t\t<\/div>\n\t\t<\/a>\t<\/div><div class=\"awsm-job-listing-item awsm-job-expired-item awsm-grid-item\" id=\"awsm-grid-item-8829\">\t\t<a href=\"https:\/\/ibsal.es\/en\/?post_type=awsm_job_openings&#038;p=8829\" class=\"awsm-job-item\">\t\t\t<div class=\"awsm-grid-left-col\">\n\t\t\t\t\n\t\t\t\t\n\t\t\t\t<h2 class=\"awsm-job-post-title\">\n\t\t\t\t\tRef.25_2025. Data Manager in Research\t\t\t\t<\/h2>\n\n\t\t\t\t\t\t\t<\/div>\n\n\t\t\t<div class=\"awsm-grid-right-col\">\n\t\t\t\t<div class=\"awsm-job-specification-wrapper\"><div class=\"awsm-job-specification-item awsm-job-specification-departamento\"><i class=\"awsm-job-icon-map-marker\"><\/i><span class=\"awsm-job-specification-term\">IBSAL- Servicio de Aparato Digestivo del Complejo Asistencial Universitario de Salamanca.<\/span> <\/div><div class=\"awsm-job-specification-item awsm-job-specification-tipo-de-contrato\"><i class=\"awsm-job-icon-file\"><\/i><span class=\"awsm-job-specification-term\">Contrato Temporal a jornada parcial<\/span> <\/div><div class=\"awsm-job-specification-item awsm-job-specification-referencia\"><i class=\"awsm-job-icon-folder\"><\/i><span class=\"awsm-job-specification-term\">Ref.25_2025<\/span> <\/div><\/div><div class=\"awsm-job-more-container\"><span class=\"awsm-job-more\">M\u00e1s detalles <span><\/span><\/span><\/div>\t\t\t<\/div>\n\t\t<\/a>\t<\/div><div class=\"awsm-job-listing-item awsm-job-expired-item awsm-grid-item\" id=\"awsm-grid-item-8731\">\t\t<a href=\"https:\/\/ibsal.es\/en\/?post_type=awsm_job_openings&#038;p=8731\" class=\"awsm-job-item\">\t\t\t<div class=\"awsm-grid-left-col\">\n\t\t\t\t\n\t\t\t\t\n\t\t\t\t<h2 class=\"awsm-job-post-title\">\n\t\t\t\t\tRef.24_2025. Quality Technician Specialist\t\t\t\t<\/h2>\n\n\t\t\t\t\t\t\t<\/div>\n\n\t\t\t<div class=\"awsm-grid-right-col\">\n\t\t\t\t<div class=\"awsm-job-specification-wrapper\"><div class=\"awsm-job-specification-item awsm-job-specification-departamento\"><i class=\"awsm-job-icon-map-marker\"><\/i><span class=\"awsm-job-specification-term\">IBSAL- Unidad de Trasplante de Progenitores hematopoy\u00e9ticos de Pediatr\u00eda del Hospital Universitario de Salamanca.<\/span> <\/div><div class=\"awsm-job-specification-item awsm-job-specification-tipo-de-contrato\"><i class=\"awsm-job-icon-file\"><\/i><span class=\"awsm-job-specification-term\">Contrato Temporal a jornada parcial<\/span> <\/div><div class=\"awsm-job-specification-item awsm-job-specification-referencia\"><i class=\"awsm-job-icon-folder\"><\/i><span class=\"awsm-job-specification-term\">Ref.24_2025<\/span> <\/div><\/div><div class=\"awsm-job-more-container\"><span class=\"awsm-job-more\">M\u00e1s detalles <span><\/span><\/span><\/div>\t\t\t<\/div>\n\t\t<\/a>\t<\/div><div class=\"awsm-job-listing-item awsm-job-expired-item awsm-grid-item\" id=\"awsm-grid-item-8831\">\t\t<a href=\"https:\/\/ibsal.es\/en\/?post_type=awsm_job_openings&#038;p=8831\" class=\"awsm-job-item\">\t\t\t<div class=\"awsm-grid-left-col\">\n\t\t\t\t\n\t\t\t\t\n\t\t\t\t<h2 class=\"awsm-job-post-title\">\n\t\t\t\t\tRef.23_2025. Research Laboratory Technician\t\t\t\t<\/h2>\n\n\t\t\t\t\t\t\t<\/div>\n\n\t\t\t<div class=\"awsm-grid-right-col\">\n\t\t\t\t<div class=\"awsm-job-specification-wrapper\"><div class=\"awsm-job-specification-item awsm-job-specification-departamento\"><i class=\"awsm-job-icon-map-marker\"><\/i><span class=\"awsm-job-specification-term\">IBSAL: Servicio de Hematolog\u00eda Hospital Universitario de Salamanca<\/span> <\/div><div class=\"awsm-job-specification-item awsm-job-specification-tipo-de-contrato\"><i class=\"awsm-job-icon-file\"><\/i><span class=\"awsm-job-specification-term\">Contrato temporal. Jornada completa<\/span> <\/div><div class=\"awsm-job-specification-item awsm-job-specification-referencia\"><i class=\"awsm-job-icon-folder\"><\/i><span class=\"awsm-job-specification-term\">Ref.23_2025<\/span> <\/div><\/div><div class=\"awsm-job-more-container\"><span class=\"awsm-job-more\">M\u00e1s detalles <span><\/span><\/span><\/div>\t\t\t<\/div>\n\t\t<\/a>\t<\/div><div class=\"awsm-job-listing-item awsm-job-expired-item awsm-grid-item\" id=\"awsm-grid-item-8833\">\t\t<a href=\"https:\/\/ibsal.es\/en\/?post_type=awsm_job_openings&#038;p=8833\" class=\"awsm-job-item\">\t\t\t<div class=\"awsm-grid-left-col\">\n\t\t\t\t\n\t\t\t\t\n\t\t\t\t<h2 class=\"awsm-job-post-title\">\n\t\t\t\t\tRef.22_2025. Research Laboratory Technician\t\t\t\t<\/h2>\n\n\t\t\t\t\t\t\t<\/div>\n\n\t\t\t<div class=\"awsm-grid-right-col\">\n\t\t\t\t<div class=\"awsm-job-specification-wrapper\"><div class=\"awsm-job-specification-item awsm-job-specification-departamento\"><i class=\"awsm-job-icon-map-marker\"><\/i><span class=\"awsm-job-specification-term\">IBSAL: Servicio de Hematolog\u00eda Hospital Universitario de Salamanca<\/span> <\/div><div class=\"awsm-job-specification-item awsm-job-specification-tipo-de-contrato\"><i class=\"awsm-job-icon-file\"><\/i><span class=\"awsm-job-specification-term\">Contrato indefinido. Jornada completa<\/span> <\/div><div class=\"awsm-job-specification-item awsm-job-specification-referencia\"><i class=\"awsm-job-icon-folder\"><\/i><span class=\"awsm-job-specification-term\">Ref.22_2025<\/span> <\/div><\/div><div class=\"awsm-job-more-container\"><span class=\"awsm-job-more\">M\u00e1s detalles <span><\/span><\/span><\/div>\t\t\t<\/div>\n\t\t<\/a>\t<\/div><div class=\"awsm-job-listing-item awsm-job-expired-item awsm-grid-item\" id=\"awsm-grid-item-8835\">\t\t<a href=\"https:\/\/ibsal.es\/en\/?post_type=awsm_job_openings&#038;p=8835\" class=\"awsm-job-item\">\t\t\t<div class=\"awsm-grid-left-col\">\n\t\t\t\t\n\t\t\t\t\n\t\t\t\t<h2 class=\"awsm-job-post-title\">\n\t\t\t\t\tRef.21_2025. PhD in Research\t\t\t\t<\/h2>\n\n\t\t\t\t\t\t\t<\/div>\n\n\t\t\t<div class=\"awsm-grid-right-col\">\n\t\t\t\t<div class=\"awsm-job-specification-wrapper\"><div class=\"awsm-job-specification-item awsm-job-specification-departamento\"><i class=\"awsm-job-icon-map-marker\"><\/i><span class=\"awsm-job-specification-term\">IBSAL: Servicio de Hematolog\u00eda Hospital Universitario de Salamanca<\/span> <\/div><div class=\"awsm-job-specification-item awsm-job-specification-tipo-de-contrato\"><i class=\"awsm-job-icon-file\"><\/i><span class=\"awsm-job-specification-term\">Contrato indefinido. Jornada completa<\/span> <\/div><div class=\"awsm-job-specification-item awsm-job-specification-referencia\"><i class=\"awsm-job-icon-folder\"><\/i><span class=\"awsm-job-specification-term\">Ref.21_2025<\/span> <\/div><\/div><div class=\"awsm-job-more-container\"><span class=\"awsm-job-more\">M\u00e1s detalles <span><\/span><\/span><\/div>\t\t\t<\/div>\n\t\t<\/a>\t<\/div><div class=\"awsm-job-listing-item awsm-job-expired-item awsm-grid-item\" id=\"awsm-grid-item-8837\">\t\t<a href=\"https:\/\/ibsal.es\/en\/?post_type=awsm_job_openings&#038;p=8837\" class=\"awsm-job-item\">\t\t\t<div class=\"awsm-grid-left-col\">\n\t\t\t\t\n\t\t\t\t\n\t\t\t\t<h2 class=\"awsm-job-post-title\">\n\t\t\t\t\tRef.20_2025. Administrative IBSAL\t\t\t\t<\/h2>\n\n\t\t\t\t\t\t\t<\/div>\n\n\t\t\t<div class=\"awsm-grid-right-col\">\n\t\t\t\t<div class=\"awsm-job-specification-wrapper\"><div class=\"awsm-job-specification-item awsm-job-specification-departamento\"><i class=\"awsm-job-icon-map-marker\"><\/i><span class=\"awsm-job-specification-term\">Unidad EECC.- Servicio de Hematolog\u00eda del Hospital Universitario de Salamanca<\/span> <\/div><div class=\"awsm-job-specification-item awsm-job-specification-tipo-de-contrato\"><i class=\"awsm-job-icon-file\"><\/i><span class=\"awsm-job-specification-term\">Contrato indefinido. Jornada completa<\/span> <\/div><div class=\"awsm-job-specification-item awsm-job-specification-referencia\"><i class=\"awsm-job-icon-folder\"><\/i><span class=\"awsm-job-specification-term\">Ref.20_2025<\/span> <\/div><\/div><div class=\"awsm-job-more-container\"><span class=\"awsm-job-more\">M\u00e1s detalles <span><\/span><\/span><\/div>\t\t\t<\/div>\n\t\t<\/a>\t<\/div><div class=\"awsm-jobs-pagination awsm-load-more-main\"><a href=\"#\" class=\"awsm-load-more awsm-load-more-btn\" data-page=\"1\">Cargar m\u00e1s...<\/a><\/div>\t\t\t\t<\/div>\n\t<\/div>\n\n","protected":false},"excerpt":{"rendered":"","protected":false},"author":4,"featured_media":0,"parent":0,"menu_order":0,"comment_status":"closed","ping_status":"closed","template":"","meta":{"_acf_changed":false,"_price":"","_stock":"","_tribe_ticket_header":"","_tribe_default_ticket_provider":"","_tribe_ticket_capacity":"0","_ticket_start_date":"","_ticket_end_date":"","_tribe_ticket_show_description":"","_tribe_ticket_show_not_going":false,"_tribe_ticket_use_global_stock":"","_tribe_ticket_global_stock_level":"","_global_stock_mode":"","_global_stock_cap":"","_tribe_rsvp_for_event":"","_tribe_ticket_going_count":"","_tribe_ticket_not_going_count":"","_tribe_tickets_list":"[]","_tribe_ticket_has_attendee_info_fields":false,"footnotes":""},"class_list":["post-7081","page","type-page","status-publish","hentry"],"acf":[],"yoast_head":"<!-- This site is optimized with the Yoast SEO Premium plugin v20.12 (Yoast SEO v27.4) - https:\/\/yoast.com\/product\/yoast-seo-premium-wordpress\/ -->\n<title>Jobs | IBSAL<\/title>\n<meta name=\"robots\" content=\"index, follow, max-snippet:-1, max-image-preview:large, max-video-preview:-1\" \/>\n<link rel=\"canonical\" href=\"https:\/\/ibsal.es\/en\/jobs\/\" \/>\n<meta property=\"og:locale\" content=\"en_US\" \/>\n<meta property=\"og:type\" content=\"article\" \/>\n<meta property=\"og:title\" content=\"Jobs\" \/>\n<meta property=\"og:url\" content=\"https:\/\/ibsal.es\/en\/jobs\/\" \/>\n<meta property=\"og:site_name\" content=\"IBSAL\" \/>\n<meta property=\"article:modified_time\" content=\"2025-03-12T10:43:50+00:00\" \/>\n<meta property=\"og:image\" content=\"https:\/\/ibsal.es\/wp-content\/uploads\/2024\/10\/Snippet.png\" \/>\n\t<meta property=\"og:image:width\" content=\"1200\" \/>\n\t<meta property=\"og:image:height\" content=\"675\" \/>\n\t<meta property=\"og:image:type\" content=\"image\/png\" \/>\n<meta name=\"twitter:card\" content=\"summary_large_image\" \/>\n<script type=\"application\/ld+json\" class=\"yoast-schema-graph\">{\"@context\":\"https:\\\/\\\/schema.org\",\"@graph\":[{\"@type\":\"WebPage\",\"@id\":\"https:\\\/\\\/ibsal.es\\\/en\\\/jobs\\\/\",\"url\":\"https:\\\/\\\/ibsal.es\\\/en\\\/jobs\\\/\",\"name\":\"Jobs | IBSAL\",\"isPartOf\":{\"@id\":\"https:\\\/\\\/ibsal.es\\\/en\\\/#website\"},\"datePublished\":\"2024-10-18T07:03:04+00:00\",\"dateModified\":\"2025-03-12T10:43:50+00:00\",\"breadcrumb\":{\"@id\":\"https:\\\/\\\/ibsal.es\\\/en\\\/jobs\\\/#breadcrumb\"},\"inLanguage\":\"en-US\",\"potentialAction\":[{\"@type\":\"ReadAction\",\"target\":[\"https:\\\/\\\/ibsal.es\\\/en\\\/jobs\\\/\"]}]},{\"@type\":\"BreadcrumbList\",\"@id\":\"https:\\\/\\\/ibsal.es\\\/en\\\/jobs\\\/#breadcrumb\",\"itemListElement\":[{\"@type\":\"ListItem\",\"position\":1,\"name\":\"Portada\",\"item\":\"https:\\\/\\\/ibsal.es\\\/en\\\/\"},{\"@type\":\"ListItem\",\"position\":2,\"name\":\"Jobs\"}]},{\"@type\":\"WebSite\",\"@id\":\"https:\\\/\\\/ibsal.es\\\/en\\\/#website\",\"url\":\"https:\\\/\\\/ibsal.es\\\/en\\\/\",\"name\":\"IBSAL\",\"description\":\"Benchmarks in translational research in biomedicine in Castilla y Le\u00f3n\",\"alternateName\":\"Instituto de Investigaci\u00f3n Biom\u00e9dica de Salamanca\",\"potentialAction\":[{\"@type\":\"SearchAction\",\"target\":{\"@type\":\"EntryPoint\",\"urlTemplate\":\"https:\\\/\\\/ibsal.es\\\/en\\\/?s={search_term_string}\"},\"query-input\":{\"@type\":\"PropertyValueSpecification\",\"valueRequired\":true,\"valueName\":\"search_term_string\"}}],\"inLanguage\":\"en-US\"}]}<\/script>\n<!-- \/ Yoast SEO Premium plugin. -->","yoast_head_json":{"title":"Jobs | IBSAL","robots":{"index":"index","follow":"follow","max-snippet":"max-snippet:-1","max-image-preview":"max-image-preview:large","max-video-preview":"max-video-preview:-1"},"canonical":"https:\/\/ibsal.es\/en\/jobs\/","og_locale":"en_US","og_type":"article","og_title":"Jobs","og_url":"https:\/\/ibsal.es\/en\/jobs\/","og_site_name":"IBSAL","article_modified_time":"2025-03-12T10:43:50+00:00","og_image":[{"width":1200,"height":675,"url":"https:\/\/ibsal.es\/wp-content\/uploads\/2024\/10\/Snippet.png","type":"image\/png"}],"twitter_card":"summary_large_image","schema":{"@context":"https:\/\/schema.org","@graph":[{"@type":"WebPage","@id":"https:\/\/ibsal.es\/en\/jobs\/","url":"https:\/\/ibsal.es\/en\/jobs\/","name":"Jobs | IBSAL","isPartOf":{"@id":"https:\/\/ibsal.es\/en\/#website"},"datePublished":"2024-10-18T07:03:04+00:00","dateModified":"2025-03-12T10:43:50+00:00","breadcrumb":{"@id":"https:\/\/ibsal.es\/en\/jobs\/#breadcrumb"},"inLanguage":"en-US","potentialAction":[{"@type":"ReadAction","target":["https:\/\/ibsal.es\/en\/jobs\/"]}]},{"@type":"BreadcrumbList","@id":"https:\/\/ibsal.es\/en\/jobs\/#breadcrumb","itemListElement":[{"@type":"ListItem","position":1,"name":"Portada","item":"https:\/\/ibsal.es\/en\/"},{"@type":"ListItem","position":2,"name":"Jobs"}]},{"@type":"WebSite","@id":"https:\/\/ibsal.es\/en\/#website","url":"https:\/\/ibsal.es\/en\/","name":"IBSAL","description":"Benchmarks in translational research in biomedicine in Castilla y Le\u00f3n","alternateName":"Instituto de Investigaci\u00f3n Biom\u00e9dica de Salamanca","potentialAction":[{"@type":"SearchAction","target":{"@type":"EntryPoint","urlTemplate":"https:\/\/ibsal.es\/en\/?s={search_term_string}"},"query-input":{"@type":"PropertyValueSpecification","valueRequired":true,"valueName":"search_term_string"}}],"inLanguage":"en-US"}]}},"_links":{"self":[{"href":"https:\/\/ibsal.es\/en\/wp-json\/wp\/v2\/pages\/7081","targetHints":{"allow":["GET"]}}],"collection":[{"href":"https:\/\/ibsal.es\/en\/wp-json\/wp\/v2\/pages"}],"about":[{"href":"https:\/\/ibsal.es\/en\/wp-json\/wp\/v2\/types\/page"}],"author":[{"embeddable":true,"href":"https:\/\/ibsal.es\/en\/wp-json\/wp\/v2\/users\/4"}],"replies":[{"embeddable":true,"href":"https:\/\/ibsal.es\/en\/wp-json\/wp\/v2\/comments?post=7081"}],"version-history":[{"count":0,"href":"https:\/\/ibsal.es\/en\/wp-json\/wp\/v2\/pages\/7081\/revisions"}],"wp:attachment":[{"href":"https:\/\/ibsal.es\/en\/wp-json\/wp\/v2\/media?parent=7081"}],"curies":[{"name":"wp","href":"https:\/\/api.w.org\/{rel}","templated":true}]}}