{"id":6724,"date":"2025-01-30T13:23:24","date_gmt":"2025-01-30T13:23:24","guid":{"rendered":"https:\/\/ibsal.es\/privacy-policy-and-legal-notice\/"},"modified":"2025-03-12T10:12:29","modified_gmt":"2025-03-12T10:12:29","slug":"privacy-policy-and-legal-notice","status":"publish","type":"page","link":"https:\/\/ibsal.es\/en\/privacy-policy-and-legal-notice\/","title":{"rendered":"Privacy Policy and Legal Notice"},"content":{"rendered":"","protected":false},"excerpt":{"rendered":"","protected":false},"author":4,"featured_media":0,"parent":0,"menu_order":0,"comment_status":"closed","ping_status":"closed","template":"","meta":{"_acf_changed":false,"_price":"","_stock":"","_tribe_ticket_header":"","_tribe_default_ticket_provider":"","_tribe_ticket_capacity":"0","_ticket_start_date":"","_ticket_end_date":"","_tribe_ticket_show_description":"","_tribe_ticket_show_not_going":false,"_tribe_ticket_use_global_stock":"","_tribe_ticket_global_stock_level":"","_global_stock_mode":"","_global_stock_cap":"","_tribe_rsvp_for_event":"","_tribe_ticket_going_count":"","_tribe_ticket_not_going_count":"","_tribe_tickets_list":"[]","_tribe_ticket_has_attendee_info_fields":false,"footnotes":""},"class_list":["post-6724","page","type-page","status-publish","hentry"],"acf":[],"yoast_head":"<!-- This site is optimized with the Yoast SEO Premium plugin v20.12 (Yoast SEO v27.3) - https:\/\/yoast.com\/product\/yoast-seo-premium-wordpress\/ -->\n<title>Privacy Policy and Legal Notice | IBSAL<\/title>\n<meta name=\"robots\" content=\"index, follow, max-snippet:-1, max-image-preview:large, max-video-preview:-1\" \/>\n<link rel=\"canonical\" href=\"https:\/\/ibsal.es\/en\/privacy-policy-and-legal-notice\/\" \/>\n<meta property=\"og:locale\" content=\"en_US\" \/>\n<meta property=\"og:type\" content=\"article\" \/>\n<meta property=\"og:title\" content=\"Privacy Policy and Legal Notice\" \/>\n<meta property=\"og:url\" content=\"https:\/\/ibsal.es\/en\/privacy-policy-and-legal-notice\/\" \/>\n<meta property=\"og:site_name\" content=\"IBSAL\" \/>\n<meta property=\"article:modified_time\" content=\"2025-03-12T10:12:29+00:00\" \/>\n<meta property=\"og:image\" content=\"https:\/\/ibsal.es\/wp-content\/uploads\/2024\/10\/Snippet.png\" \/>\n\t<meta property=\"og:image:width\" content=\"1200\" \/>\n\t<meta property=\"og:image:height\" content=\"675\" \/>\n\t<meta property=\"og:image:type\" content=\"image\/png\" \/>\n<meta name=\"twitter:card\" content=\"summary_large_image\" \/>\n<script type=\"application\/ld+json\" class=\"yoast-schema-graph\">{\"@context\":\"https:\\\/\\\/schema.org\",\"@graph\":[{\"@type\":\"WebPage\",\"@id\":\"https:\\\/\\\/ibsal.es\\\/en\\\/privacy-policy-and-legal-notice\\\/\",\"url\":\"https:\\\/\\\/ibsal.es\\\/en\\\/privacy-policy-and-legal-notice\\\/\",\"name\":\"Privacy Policy and Legal Notice | IBSAL\",\"isPartOf\":{\"@id\":\"https:\\\/\\\/ibsal.es\\\/en\\\/#website\"},\"datePublished\":\"2025-01-30T13:23:24+00:00\",\"dateModified\":\"2025-03-12T10:12:29+00:00\",\"breadcrumb\":{\"@id\":\"https:\\\/\\\/ibsal.es\\\/en\\\/privacy-policy-and-legal-notice\\\/#breadcrumb\"},\"inLanguage\":\"en-US\",\"potentialAction\":[{\"@type\":\"ReadAction\",\"target\":[\"https:\\\/\\\/ibsal.es\\\/en\\\/privacy-policy-and-legal-notice\\\/\"]}]},{\"@type\":\"BreadcrumbList\",\"@id\":\"https:\\\/\\\/ibsal.es\\\/en\\\/privacy-policy-and-legal-notice\\\/#breadcrumb\",\"itemListElement\":[{\"@type\":\"ListItem\",\"position\":1,\"name\":\"Portada\",\"item\":\"https:\\\/\\\/ibsal.es\\\/en\\\/\"},{\"@type\":\"ListItem\",\"position\":2,\"name\":\"Privacy Policy and Legal Notice\"}]},{\"@type\":\"WebSite\",\"@id\":\"https:\\\/\\\/ibsal.es\\\/en\\\/#website\",\"url\":\"https:\\\/\\\/ibsal.es\\\/en\\\/\",\"name\":\"IBSAL\",\"description\":\"Benchmarks in translational research in biomedicine in Castilla y Le\u00f3n\",\"alternateName\":\"Instituto de Investigaci\u00f3n Biom\u00e9dica de Salamanca\",\"potentialAction\":[{\"@type\":\"SearchAction\",\"target\":{\"@type\":\"EntryPoint\",\"urlTemplate\":\"https:\\\/\\\/ibsal.es\\\/en\\\/?s={search_term_string}\"},\"query-input\":{\"@type\":\"PropertyValueSpecification\",\"valueRequired\":true,\"valueName\":\"search_term_string\"}}],\"inLanguage\":\"en-US\"}]}<\/script>\n<!-- \/ Yoast SEO Premium plugin. -->","yoast_head_json":{"title":"Privacy Policy and Legal Notice | IBSAL","robots":{"index":"index","follow":"follow","max-snippet":"max-snippet:-1","max-image-preview":"max-image-preview:large","max-video-preview":"max-video-preview:-1"},"canonical":"https:\/\/ibsal.es\/en\/privacy-policy-and-legal-notice\/","og_locale":"en_US","og_type":"article","og_title":"Privacy Policy and Legal Notice","og_url":"https:\/\/ibsal.es\/en\/privacy-policy-and-legal-notice\/","og_site_name":"IBSAL","article_modified_time":"2025-03-12T10:12:29+00:00","og_image":[{"width":1200,"height":675,"url":"https:\/\/ibsal.es\/wp-content\/uploads\/2024\/10\/Snippet.png","type":"image\/png"}],"twitter_card":"summary_large_image","schema":{"@context":"https:\/\/schema.org","@graph":[{"@type":"WebPage","@id":"https:\/\/ibsal.es\/en\/privacy-policy-and-legal-notice\/","url":"https:\/\/ibsal.es\/en\/privacy-policy-and-legal-notice\/","name":"Privacy Policy and Legal Notice | IBSAL","isPartOf":{"@id":"https:\/\/ibsal.es\/en\/#website"},"datePublished":"2025-01-30T13:23:24+00:00","dateModified":"2025-03-12T10:12:29+00:00","breadcrumb":{"@id":"https:\/\/ibsal.es\/en\/privacy-policy-and-legal-notice\/#breadcrumb"},"inLanguage":"en-US","potentialAction":[{"@type":"ReadAction","target":["https:\/\/ibsal.es\/en\/privacy-policy-and-legal-notice\/"]}]},{"@type":"BreadcrumbList","@id":"https:\/\/ibsal.es\/en\/privacy-policy-and-legal-notice\/#breadcrumb","itemListElement":[{"@type":"ListItem","position":1,"name":"Portada","item":"https:\/\/ibsal.es\/en\/"},{"@type":"ListItem","position":2,"name":"Privacy Policy and Legal Notice"}]},{"@type":"WebSite","@id":"https:\/\/ibsal.es\/en\/#website","url":"https:\/\/ibsal.es\/en\/","name":"IBSAL","description":"Benchmarks in translational research in biomedicine in Castilla y Le\u00f3n","alternateName":"Instituto de Investigaci\u00f3n Biom\u00e9dica de Salamanca","potentialAction":[{"@type":"SearchAction","target":{"@type":"EntryPoint","urlTemplate":"https:\/\/ibsal.es\/en\/?s={search_term_string}"},"query-input":{"@type":"PropertyValueSpecification","valueRequired":true,"valueName":"search_term_string"}}],"inLanguage":"en-US"}]}},"_links":{"self":[{"href":"https:\/\/ibsal.es\/en\/wp-json\/wp\/v2\/pages\/6724","targetHints":{"allow":["GET"]}}],"collection":[{"href":"https:\/\/ibsal.es\/en\/wp-json\/wp\/v2\/pages"}],"about":[{"href":"https:\/\/ibsal.es\/en\/wp-json\/wp\/v2\/types\/page"}],"author":[{"embeddable":true,"href":"https:\/\/ibsal.es\/en\/wp-json\/wp\/v2\/users\/4"}],"replies":[{"embeddable":true,"href":"https:\/\/ibsal.es\/en\/wp-json\/wp\/v2\/comments?post=6724"}],"version-history":[{"count":0,"href":"https:\/\/ibsal.es\/en\/wp-json\/wp\/v2\/pages\/6724\/revisions"}],"wp:attachment":[{"href":"https:\/\/ibsal.es\/en\/wp-json\/wp\/v2\/media?parent=6724"}],"curies":[{"name":"wp","href":"https:\/\/api.w.org\/{rel}","templated":true}]}}