{"id":6698,"date":"2025-01-14T11:21:48","date_gmt":"2025-01-14T11:21:48","guid":{"rendered":"https:\/\/ibsal.es\/mentoring\/"},"modified":"2025-03-13T09:47:21","modified_gmt":"2025-03-13T09:47:21","slug":"mentoring","status":"publish","type":"page","link":"https:\/\/ibsal.es\/en\/mentoring\/","title":{"rendered":"Mentoring"},"content":{"rendered":"\t\t<div data-elementor-type=\"wp-page\" data-elementor-id=\"6698\" class=\"elementor elementor-6698 elementor-4288\" data-elementor-post-type=\"page\">\n\t\t\t\t<div class=\"elementor-element elementor-element-1a74782 e-flex e-con-boxed e-con e-parent\" data-id=\"1a74782\" data-element_type=\"container\" data-e-type=\"container\" data-settings=\"{&quot;background_background&quot;:&quot;classic&quot;}\">\n\t\t\t\t\t<div class=\"e-con-inner\">\n\t\t<div class=\"elementor-element elementor-element-d7c6faf e-con-full e-flex e-con e-child\" data-id=\"d7c6faf\" data-element_type=\"container\" data-e-type=\"container\">\n\t\t\t\t<div class=\"elementor-element elementor-element-d734c23 elementor-widget-mobile__width-initial elementor-widget elementor-widget-heading\" data-id=\"d734c23\" data-element_type=\"widget\" data-e-type=\"widget\" data-widget_type=\"heading.default\">\n\t\t\t\t<div class=\"elementor-widget-container\">\n\t\t\t\t\t<h1 class=\"elementor-heading-title elementor-size-default\">Mentoring<\/h1>\t\t\t\t<\/div>\n\t\t\t\t<\/div>\n\t\t\t\t<div class=\"elementor-element elementor-element-affe344 elementor-widget-mobile__width-initial elementor-widget elementor-widget-text-editor\" data-id=\"affe344\" data-element_type=\"widget\" data-e-type=\"widget\" data-widget_type=\"text-editor.default\">\n\t\t\t\t<div class=\"elementor-widget-container\">\n\t\t\t\t\t\t\t\t\t<p>IBSAL mentoring program is an initiative designed to foster the professional development of early career researchers. This program connects junior researchers with experienced academic and professional mentors, offering personalized guidance to explore and build successful careers.<\/p>\t\t\t\t\t\t\t\t<\/div>\n\t\t\t\t<\/div>\n\t\t\t\t<\/div>\n\t\t\t\t\t<\/div>\n\t\t\t\t<\/div>\n\t\t<div class=\"elementor-element elementor-element-af37343 e-flex e-con-boxed e-con e-parent\" data-id=\"af37343\" data-element_type=\"container\" data-e-type=\"container\" data-settings=\"{&quot;background_background&quot;:&quot;classic&quot;}\">\n\t\t\t\t\t<div class=\"e-con-inner\">\n\t\t<div class=\"elementor-element elementor-element-f3b7f31 e-con-full e-flex e-con e-child\" data-id=\"f3b7f31\" data-element_type=\"container\" data-e-type=\"container\">\n\t\t\t\t<div class=\"elementor-element elementor-element-6508ca7 elementor-widget-tablet__width-initial elementor-widget-mobile__width-initial elementor-widget elementor-widget-heading\" data-id=\"6508ca7\" data-element_type=\"widget\" data-e-type=\"widget\" data-widget_type=\"heading.default\">\n\t\t\t\t<div class=\"elementor-widget-container\">\n\t\t\t\t\t<h2 class=\"elementor-heading-title elementor-size-default\">Who is the target audience?<\/h2>\t\t\t\t<\/div>\n\t\t\t\t<\/div>\n\t\t\t\t<div class=\"elementor-element elementor-element-5cebe99 elementor-widget-mobile__width-initial elementor-widget-divider--view-line elementor-widget elementor-widget-divider\" data-id=\"5cebe99\" data-element_type=\"widget\" data-e-type=\"widget\" data-widget_type=\"divider.default\">\n\t\t\t\t<div class=\"elementor-widget-container\">\n\t\t\t\t\t\t\t<div class=\"elementor-divider\">\n\t\t\t<span class=\"elementor-divider-separator\">\n\t\t\t\t\t\t<\/span>\n\t\t<\/div>\n\t\t\t\t\t\t<\/div>\n\t\t\t\t<\/div>\n\t\t\t\t<div class=\"elementor-element elementor-element-49243ae elementor-widget-mobile__width-initial elementor-widget elementor-widget-text-editor\" data-id=\"49243ae\" data-element_type=\"widget\" data-e-type=\"widget\" data-widget_type=\"text-editor.default\">\n\t\t\t\t<div class=\"elementor-widget-container\">\n\t\t\t\t\t\t\t\t\t<p>It is aimed primarily at postdoctoral researchers linked to IBSAL, although interested predoctoral researchers can also participate. Places are assigned in order of registration, provided that there is a suitable mentor in the area of interest of the person being mentored. <\/p>\t\t\t\t\t\t\t\t<\/div>\n\t\t\t\t<\/div>\n\t\t\t\t<div class=\"elementor-element elementor-element-0384331 elementor-widget-tablet__width-initial elementor-widget-mobile__width-initial elementor-widget elementor-widget-heading\" data-id=\"0384331\" data-element_type=\"widget\" data-e-type=\"widget\" data-widget_type=\"heading.default\">\n\t\t\t\t<div class=\"elementor-widget-container\">\n\t\t\t\t\t<h3 class=\"elementor-heading-title elementor-size-default\">Program benefits<\/h3>\t\t\t\t<\/div>\n\t\t\t\t<\/div>\n\t\t\t\t<div class=\"elementor-element elementor-element-45cae0a elementor-widget-mobile__width-initial elementor-widget elementor-widget-text-editor\" data-id=\"45cae0a\" data-element_type=\"widget\" data-e-type=\"widget\" data-widget_type=\"text-editor.default\">\n\t\t\t\t<div class=\"elementor-widget-container\">\n\t\t\t\t\t\t\t\t\t<ul><li>For those being mentored:<br><br><ul><li>Development of a career plan adapted to your goals.<br><br><\/li><li>Guidance on key skills and processes for labor market insertion.<br><br><\/li><li>Confidence to explore new professional opportunities.<br><br><\/li><\/ul><\/li><li>For mentors:<br><br><ul><li>Opportunity to reflect on your career and share knowledge.<br><br><\/li><li>Expansion of its professional network and reconnection with IBSAL.<br><br><\/li><li>Satisfaction of contributing to the growth of the next generation of researchers.<\/li><\/ul><\/li><\/ul>\t\t\t\t\t\t\t\t<\/div>\n\t\t\t\t<\/div>\n\t\t\t\t<\/div>\n\t\t<div class=\"elementor-element elementor-element-d359582 e-con-full e-flex e-con e-child\" data-id=\"d359582\" data-element_type=\"container\" data-e-type=\"container\">\n\t\t\t\t<div class=\"elementor-element elementor-element-71cb844 elementor-widget-mobile__width-initial elementor-widget elementor-widget-image\" data-id=\"71cb844\" data-element_type=\"widget\" data-e-type=\"widget\" data-widget_type=\"image.default\">\n\t\t\t\t<div class=\"elementor-widget-container\">\n\t\t\t\t\t\t\t\t\t\t\t\t\t\t\t<img fetchpriority=\"high\" decoding=\"async\" width=\"716\" height=\"488\" src=\"https:\/\/ibsal.es\/wp-content\/uploads\/2025\/01\/mentoring-ibsal-1.png\" class=\"attachment-full size-full wp-image-6355\" alt=\"\" srcset=\"https:\/\/ibsal.es\/wp-content\/uploads\/2025\/01\/mentoring-ibsal-1.png 716w, https:\/\/ibsal.es\/wp-content\/uploads\/2025\/01\/mentoring-ibsal-1-300x204.png 300w\" sizes=\"(max-width: 716px) 100vw, 716px\" \/>\t\t\t\t\t\t\t\t\t\t\t\t\t\t\t<\/div>\n\t\t\t\t<\/div>\n\t\t\t\t<\/div>\n\t\t\t\t\t<\/div>\n\t\t\t\t<\/div>\n\t\t<div class=\"elementor-element elementor-element-72b679c e-flex e-con-boxed e-con e-parent\" data-id=\"72b679c\" data-element_type=\"container\" data-e-type=\"container\" data-settings=\"{&quot;background_background&quot;:&quot;classic&quot;}\">\n\t\t\t\t\t<div class=\"e-con-inner\">\n\t\t<div class=\"elementor-element elementor-element-0f82e76 e-con-full e-flex e-con e-child\" data-id=\"0f82e76\" data-element_type=\"container\" data-e-type=\"container\">\n\t\t\t\t<\/div>\n\t\t<div class=\"elementor-element elementor-element-8aa83b5 e-con-full e-flex e-con e-child\" data-id=\"8aa83b5\" data-element_type=\"container\" data-e-type=\"container\">\n\t\t\t\t<div class=\"elementor-element elementor-element-bf3e9dd elementor-widget elementor-widget-heading\" data-id=\"bf3e9dd\" data-element_type=\"widget\" data-e-type=\"widget\" data-widget_type=\"heading.default\">\n\t\t\t\t<div class=\"elementor-widget-container\">\n\t\t\t\t\t<h2 class=\"elementor-heading-title elementor-size-default\">How to sign up?<\/h2>\t\t\t\t<\/div>\n\t\t\t\t<\/div>\n\t\t\t\t<div class=\"elementor-element elementor-element-0bb3b55 elementor-widget-mobile__width-initial elementor-widget-divider--view-line elementor-widget elementor-widget-divider\" data-id=\"0bb3b55\" data-element_type=\"widget\" data-e-type=\"widget\" data-widget_type=\"divider.default\">\n\t\t\t\t<div class=\"elementor-widget-container\">\n\t\t\t\t\t\t\t<div class=\"elementor-divider\">\n\t\t\t<span class=\"elementor-divider-separator\">\n\t\t\t\t\t\t<\/span>\n\t\t<\/div>\n\t\t\t\t\t\t<\/div>\n\t\t\t\t<\/div>\n\t\t\t\t<div class=\"elementor-element elementor-element-3db5497 elementor-widget-mobile__width-initial elementor-widget elementor-widget-text-editor\" data-id=\"3db5497\" data-element_type=\"widget\" data-e-type=\"widget\" data-widget_type=\"text-editor.default\">\n\t\t\t\t<div class=\"elementor-widget-container\">\n\t\t\t\t\t\t\t\t\t<p><span style=\"font-weight: 400;\">To participate, please complete the registration form, which will be available soon. The call for applications is open once a year, and mentoring takes place in the second semester. <\/span><\/p><p><span style=\"font-weight: 400;\">Join our Mentoring Program and take a key step towards the professional future you desire!<\/span><\/p>\t\t\t\t\t\t\t\t<\/div>\n\t\t\t\t<\/div>\n\t\t\t\t<\/div>\n\t\t\t\t\t<\/div>\n\t\t\t\t<\/div>\n\t\t\t\t<\/div>\n\t\t","protected":false},"excerpt":{"rendered":"<p>Mentoring IBSAL mentoring program is an initiative designed to foster the professional development of early career researchers. This program connects junior researchers with experienced academic and professional mentors, offering personalized [&hellip;]<\/p>\n","protected":false},"author":4,"featured_media":0,"parent":0,"menu_order":0,"comment_status":"closed","ping_status":"closed","template":"","meta":{"_acf_changed":false,"_price":"","_stock":"","_tribe_ticket_header":"","_tribe_default_ticket_provider":"","_tribe_ticket_capacity":"0","_ticket_start_date":"","_ticket_end_date":"","_tribe_ticket_show_description":"","_tribe_ticket_show_not_going":false,"_tribe_ticket_use_global_stock":"","_tribe_ticket_global_stock_level":"","_global_stock_mode":"","_global_stock_cap":"","_tribe_rsvp_for_event":"","_tribe_ticket_going_count":"","_tribe_ticket_not_going_count":"","_tribe_tickets_list":"[]","_tribe_ticket_has_attendee_info_fields":false,"footnotes":""},"class_list":["post-6698","page","type-page","status-publish","hentry"],"acf":[],"yoast_head":"<!-- This site is optimized with the Yoast SEO Premium plugin v20.12 (Yoast SEO v27.3) - https:\/\/yoast.com\/product\/yoast-seo-premium-wordpress\/ -->\n<title>Mentoring | IBSAL<\/title>\n<meta name=\"robots\" content=\"index, follow, max-snippet:-1, max-image-preview:large, max-video-preview:-1\" \/>\n<link rel=\"canonical\" href=\"https:\/\/ibsal.es\/en\/mentoring\/\" \/>\n<meta property=\"og:locale\" content=\"en_US\" \/>\n<meta property=\"og:type\" content=\"article\" \/>\n<meta property=\"og:title\" content=\"Mentoring\" \/>\n<meta property=\"og:description\" content=\"Mentoring IBSAL mentoring program is an initiative designed to foster the professional development of early career researchers. This program connects junior researchers with experienced academic and professional mentors, offering personalized [&hellip;]\" \/>\n<meta property=\"og:url\" content=\"https:\/\/ibsal.es\/en\/mentoring\/\" \/>\n<meta property=\"og:site_name\" content=\"IBSAL\" \/>\n<meta property=\"article:modified_time\" content=\"2025-03-13T09:47:21+00:00\" \/>\n<meta property=\"og:image\" content=\"https:\/\/ibsal.es\/wp-content\/uploads\/2025\/01\/mentoring-ibsal-1.png\" \/>\n<meta name=\"twitter:card\" content=\"summary_large_image\" \/>\n<meta name=\"twitter:label1\" content=\"Est. reading time\" \/>\n\t<meta name=\"twitter:data1\" content=\"2 minutes\" \/>\n<script type=\"application\/ld+json\" class=\"yoast-schema-graph\">{\"@context\":\"https:\\\/\\\/schema.org\",\"@graph\":[{\"@type\":\"WebPage\",\"@id\":\"https:\\\/\\\/ibsal.es\\\/en\\\/mentoring\\\/\",\"url\":\"https:\\\/\\\/ibsal.es\\\/en\\\/mentoring\\\/\",\"name\":\"Mentoring | IBSAL\",\"isPartOf\":{\"@id\":\"https:\\\/\\\/ibsal.es\\\/en\\\/#website\"},\"primaryImageOfPage\":{\"@id\":\"https:\\\/\\\/ibsal.es\\\/en\\\/mentoring\\\/#primaryimage\"},\"image\":{\"@id\":\"https:\\\/\\\/ibsal.es\\\/en\\\/mentoring\\\/#primaryimage\"},\"thumbnailUrl\":\"https:\\\/\\\/ibsal.es\\\/wp-content\\\/uploads\\\/2025\\\/01\\\/mentoring-ibsal-1.png\",\"datePublished\":\"2025-01-14T11:21:48+00:00\",\"dateModified\":\"2025-03-13T09:47:21+00:00\",\"breadcrumb\":{\"@id\":\"https:\\\/\\\/ibsal.es\\\/en\\\/mentoring\\\/#breadcrumb\"},\"inLanguage\":\"en-US\",\"potentialAction\":[{\"@type\":\"ReadAction\",\"target\":[\"https:\\\/\\\/ibsal.es\\\/en\\\/mentoring\\\/\"]}]},{\"@type\":\"ImageObject\",\"inLanguage\":\"en-US\",\"@id\":\"https:\\\/\\\/ibsal.es\\\/en\\\/mentoring\\\/#primaryimage\",\"url\":\"https:\\\/\\\/ibsal.es\\\/wp-content\\\/uploads\\\/2025\\\/01\\\/mentoring-ibsal-1.png\",\"contentUrl\":\"https:\\\/\\\/ibsal.es\\\/wp-content\\\/uploads\\\/2025\\\/01\\\/mentoring-ibsal-1.png\"},{\"@type\":\"BreadcrumbList\",\"@id\":\"https:\\\/\\\/ibsal.es\\\/en\\\/mentoring\\\/#breadcrumb\",\"itemListElement\":[{\"@type\":\"ListItem\",\"position\":1,\"name\":\"Portada\",\"item\":\"https:\\\/\\\/ibsal.es\\\/en\\\/\"},{\"@type\":\"ListItem\",\"position\":2,\"name\":\"Mentoring\"}]},{\"@type\":\"WebSite\",\"@id\":\"https:\\\/\\\/ibsal.es\\\/en\\\/#website\",\"url\":\"https:\\\/\\\/ibsal.es\\\/en\\\/\",\"name\":\"IBSAL\",\"description\":\"Benchmarks in translational research in biomedicine in Castilla y Le\u00f3n\",\"alternateName\":\"Instituto de Investigaci\u00f3n Biom\u00e9dica de Salamanca\",\"potentialAction\":[{\"@type\":\"SearchAction\",\"target\":{\"@type\":\"EntryPoint\",\"urlTemplate\":\"https:\\\/\\\/ibsal.es\\\/en\\\/?s={search_term_string}\"},\"query-input\":{\"@type\":\"PropertyValueSpecification\",\"valueRequired\":true,\"valueName\":\"search_term_string\"}}],\"inLanguage\":\"en-US\"}]}<\/script>\n<!-- \/ Yoast SEO Premium plugin. -->","yoast_head_json":{"title":"Mentoring | IBSAL","robots":{"index":"index","follow":"follow","max-snippet":"max-snippet:-1","max-image-preview":"max-image-preview:large","max-video-preview":"max-video-preview:-1"},"canonical":"https:\/\/ibsal.es\/en\/mentoring\/","og_locale":"en_US","og_type":"article","og_title":"Mentoring","og_description":"Mentoring IBSAL mentoring program is an initiative designed to foster the professional development of early career researchers. This program connects junior researchers with experienced academic and professional mentors, offering personalized [&hellip;]","og_url":"https:\/\/ibsal.es\/en\/mentoring\/","og_site_name":"IBSAL","article_modified_time":"2025-03-13T09:47:21+00:00","og_image":[{"url":"https:\/\/ibsal.es\/wp-content\/uploads\/2025\/01\/mentoring-ibsal-1.png","type":"","width":"","height":""}],"twitter_card":"summary_large_image","twitter_misc":{"Est. reading time":"2 minutes"},"schema":{"@context":"https:\/\/schema.org","@graph":[{"@type":"WebPage","@id":"https:\/\/ibsal.es\/en\/mentoring\/","url":"https:\/\/ibsal.es\/en\/mentoring\/","name":"Mentoring | IBSAL","isPartOf":{"@id":"https:\/\/ibsal.es\/en\/#website"},"primaryImageOfPage":{"@id":"https:\/\/ibsal.es\/en\/mentoring\/#primaryimage"},"image":{"@id":"https:\/\/ibsal.es\/en\/mentoring\/#primaryimage"},"thumbnailUrl":"https:\/\/ibsal.es\/wp-content\/uploads\/2025\/01\/mentoring-ibsal-1.png","datePublished":"2025-01-14T11:21:48+00:00","dateModified":"2025-03-13T09:47:21+00:00","breadcrumb":{"@id":"https:\/\/ibsal.es\/en\/mentoring\/#breadcrumb"},"inLanguage":"en-US","potentialAction":[{"@type":"ReadAction","target":["https:\/\/ibsal.es\/en\/mentoring\/"]}]},{"@type":"ImageObject","inLanguage":"en-US","@id":"https:\/\/ibsal.es\/en\/mentoring\/#primaryimage","url":"https:\/\/ibsal.es\/wp-content\/uploads\/2025\/01\/mentoring-ibsal-1.png","contentUrl":"https:\/\/ibsal.es\/wp-content\/uploads\/2025\/01\/mentoring-ibsal-1.png"},{"@type":"BreadcrumbList","@id":"https:\/\/ibsal.es\/en\/mentoring\/#breadcrumb","itemListElement":[{"@type":"ListItem","position":1,"name":"Portada","item":"https:\/\/ibsal.es\/en\/"},{"@type":"ListItem","position":2,"name":"Mentoring"}]},{"@type":"WebSite","@id":"https:\/\/ibsal.es\/en\/#website","url":"https:\/\/ibsal.es\/en\/","name":"IBSAL","description":"Benchmarks in translational research in biomedicine in Castilla y Le\u00f3n","alternateName":"Instituto de Investigaci\u00f3n Biom\u00e9dica de Salamanca","potentialAction":[{"@type":"SearchAction","target":{"@type":"EntryPoint","urlTemplate":"https:\/\/ibsal.es\/en\/?s={search_term_string}"},"query-input":{"@type":"PropertyValueSpecification","valueRequired":true,"valueName":"search_term_string"}}],"inLanguage":"en-US"}]}},"_links":{"self":[{"href":"https:\/\/ibsal.es\/en\/wp-json\/wp\/v2\/pages\/6698","targetHints":{"allow":["GET"]}}],"collection":[{"href":"https:\/\/ibsal.es\/en\/wp-json\/wp\/v2\/pages"}],"about":[{"href":"https:\/\/ibsal.es\/en\/wp-json\/wp\/v2\/types\/page"}],"author":[{"embeddable":true,"href":"https:\/\/ibsal.es\/en\/wp-json\/wp\/v2\/users\/4"}],"replies":[{"embeddable":true,"href":"https:\/\/ibsal.es\/en\/wp-json\/wp\/v2\/comments?post=6698"}],"version-history":[{"count":0,"href":"https:\/\/ibsal.es\/en\/wp-json\/wp\/v2\/pages\/6698\/revisions"}],"wp:attachment":[{"href":"https:\/\/ibsal.es\/en\/wp-json\/wp\/v2\/media?parent=6698"}],"curies":[{"name":"wp","href":"https:\/\/api.w.org\/{rel}","templated":true}]}}