{"id":6693,"date":"2024-10-18T07:35:56","date_gmt":"2024-10-18T07:35:56","guid":{"rendered":"https:\/\/ibsal.es\/employment-opportunities\/"},"modified":"2025-03-13T09:31:09","modified_gmt":"2025-03-13T09:31:09","slug":"employment-opportunities","status":"publish","type":"page","link":"https:\/\/ibsal.es\/en\/employment-opportunities\/","title":{"rendered":"Employment opportunities"},"content":{"rendered":"\t\t<div data-elementor-type=\"wp-page\" data-elementor-id=\"6693\" class=\"elementor elementor-6693 elementor-2594\" data-elementor-post-type=\"page\">\n\t\t\t\t<div class=\"elementor-element elementor-element-e26e973 e-flex e-con-boxed e-con e-parent\" data-id=\"e26e973\" data-element_type=\"container\" data-e-type=\"container\" data-settings=\"{&quot;background_background&quot;:&quot;classic&quot;}\">\n\t\t\t\t\t<div class=\"e-con-inner\">\n\t\t<div class=\"elementor-element elementor-element-5e3a68e e-con-full e-flex e-con e-child\" data-id=\"5e3a68e\" data-element_type=\"container\" data-e-type=\"container\">\n\t\t\t\t<div class=\"elementor-element elementor-element-02de8d7 elementor-widget-mobile__width-initial elementor-widget elementor-widget-heading\" data-id=\"02de8d7\" data-element_type=\"widget\" data-e-type=\"widget\" data-widget_type=\"heading.default\">\n\t\t\t\t<div class=\"elementor-widget-container\">\n\t\t\t\t\t<h1 class=\"elementor-heading-title elementor-size-default\">Join our team<\/h1>\t\t\t\t<\/div>\n\t\t\t\t<\/div>\n\t\t\t\t<div class=\"elementor-element elementor-element-1665529 elementor-widget-mobile__width-initial elementor-widget elementor-widget-text-editor\" data-id=\"1665529\" data-element_type=\"widget\" data-e-type=\"widget\" data-widget_type=\"text-editor.default\">\n\t\t\t\t<div class=\"elementor-widget-container\">\n\t\t\t\t\t\t\t\t\t<p>At IBSAL we are committed to talent and excellence to promote cutting-edge biosanitary research. If you share our passion for research and innovation, we invite you to explore our offers and join our team.<\/p>\t\t\t\t\t\t\t\t<\/div>\n\t\t\t\t<\/div>\n\t\t\t\t<\/div>\n\t\t\t\t\t<\/div>\n\t\t\t\t<\/div>\n\t\t<div class=\"elementor-element elementor-element-91707ec e-flex e-con-boxed e-con e-parent\" data-id=\"91707ec\" data-element_type=\"container\" data-e-type=\"container\">\n\t\t\t\t\t<div class=\"e-con-inner\">\n\t\t\t\t<div class=\"elementor-element elementor-element-9a5b410 elementor-widget-tablet__width-initial elementor-widget-mobile__width-initial elementor-widget elementor-widget-heading\" data-id=\"9a5b410\" data-element_type=\"widget\" data-e-type=\"widget\" data-widget_type=\"heading.default\">\n\t\t\t\t<div class=\"elementor-widget-container\">\n\t\t\t\t\t<h2 class=\"elementor-heading-title elementor-size-default\">Open calls<\/h2>\t\t\t\t<\/div>\n\t\t\t\t<\/div>\n\t\t\t\t<div class=\"elementor-element elementor-element-e32ab3c elementor-widget-mobile__width-initial elementor-widget-divider--view-line elementor-widget elementor-widget-divider\" data-id=\"e32ab3c\" data-element_type=\"widget\" data-e-type=\"widget\" data-widget_type=\"divider.default\">\n\t\t\t\t<div class=\"elementor-widget-container\">\n\t\t\t\t\t\t\t<div class=\"elementor-divider\">\n\t\t\t<span class=\"elementor-divider-separator\">\n\t\t\t\t\t\t<\/span>\n\t\t<\/div>\n\t\t\t\t\t\t<\/div>\n\t\t\t\t<\/div>\n\t\t\t\t<div class=\"elementor-element elementor-element-bb595fb elementor-widget__width-inherit elementor-widget elementor-widget-shortcode\" data-id=\"bb595fb\" data-element_type=\"widget\" data-e-type=\"widget\" data-widget_type=\"shortcode.default\">\n\t\t\t\t<div class=\"elementor-widget-container\">\n\t\t\t\t\t\t\t<div class=\"elementor-shortcode\">\t<div class=\"awsm-job-wrap\">\n\n\t\t<div class=\"awsm-filter-wrap\"><form action=\"https:\/\/ibsal.es\/wp-admin\/admin-ajax.php\" method=\"POST\"><div class=\"awsm-filter-item-search\"><div class=\"awsm-filter-item-search-in\"><label for=\"awsm-jq-1\" class=\"awsm-sr-only\">Buscar<\/label><input type=\"text\" id=\"awsm-jq-1\" name=\"jq\" value=\"\" placeholder=\"Buscar\" class=\"awsm-job-search awsm-job-form-control\"><span class=\"awsm-job-search-btn awsm-job-search-icon-wrapper\"><i class=\"awsm-job-icon-search\"><\/i><\/span><span class=\"awsm-job-search-close-btn awsm-job-search-icon-wrapper awsm-job-hide\"><i class=\"awsm-job-icon-close-circle\"><\/i><\/span><\/div><\/div><input type=\"hidden\" name=\"lang\" value=\"en\"><input type=\"hidden\" name=\"action\" value=\"jobfilter\"><\/form><\/div>\n\t\t<div class=\"awsm-job-listings awsm-row awsm-grid-col-3\" data-listings=\"9\" data-lang=\"en\" data-jstatus=\"publish\">\n\t\t\t\t\t<div class=\"awsm-jobs-none-container\">\n\t\t\t\t<p>We currently have no job openings<\/p>\n\t\t\t<\/div>\n\t\t\t<\/div>\n\t<\/div>\n<\/div>\n\t\t\t\t\t\t<\/div>\n\t\t\t\t<\/div>\n\t\t\t\t<div class=\"elementor-element elementor-element-081d7ca elementor-mobile-align-center elementor-widget-mobile__width-initial elementor-widget elementor-widget-button\" data-id=\"081d7ca\" data-element_type=\"widget\" data-e-type=\"widget\" data-widget_type=\"button.default\">\n\t\t\t\t<div class=\"elementor-widget-container\">\n\t\t\t\t\t\t\t\t\t<div class=\"elementor-button-wrapper\">\n\t\t\t\t\t<a class=\"elementor-button elementor-button-link elementor-size-sm elementor-animation-shrink\" href=\"https:\/\/ibsal.es\/en\/closed-calls-for-proposals\/\">\n\t\t\t\t\t\t<span class=\"elementor-button-content-wrapper\">\n\t\t\t\t\t\t\t\t\t<span class=\"elementor-button-text\">See closed calls<\/span>\n\t\t\t\t\t<\/span>\n\t\t\t\t\t<\/a>\n\t\t\t\t<\/div>\n\t\t\t\t\t\t\t\t<\/div>\n\t\t\t\t<\/div>\n\t\t\t\t\t<\/div>\n\t\t\t\t<\/div>\n\t\t<div class=\"elementor-element elementor-element-e16e2e4 e-flex e-con-boxed e-con e-parent\" data-id=\"e16e2e4\" data-element_type=\"container\" data-e-type=\"container\" data-settings=\"{&quot;background_background&quot;:&quot;classic&quot;}\">\n\t\t\t\t\t<div class=\"e-con-inner\">\n\t\t<div class=\"elementor-element elementor-element-9fa0bbc e-con-full e-flex e-con e-child\" data-id=\"9fa0bbc\" data-element_type=\"container\" data-e-type=\"container\">\n\t\t\t\t<div class=\"elementor-element elementor-element-9eed23c elementor-widget-tablet__width-initial elementor-widget-mobile__width-initial elementor-widget elementor-widget-heading\" data-id=\"9eed23c\" data-element_type=\"widget\" data-e-type=\"widget\" data-widget_type=\"heading.default\">\n\t\t\t\t<div class=\"elementor-widget-container\">\n\t\t\t\t\t<h2 class=\"elementor-heading-title elementor-size-default\">What can you expect from working at IBSAL?<\/h2>\t\t\t\t<\/div>\n\t\t\t\t<\/div>\n\t\t\t\t<div class=\"elementor-element elementor-element-749ce6e elementor-widget-mobile__width-initial elementor-widget-divider--view-line elementor-widget elementor-widget-divider\" data-id=\"749ce6e\" data-element_type=\"widget\" data-e-type=\"widget\" data-widget_type=\"divider.default\">\n\t\t\t\t<div class=\"elementor-widget-container\">\n\t\t\t\t\t\t\t<div class=\"elementor-divider\">\n\t\t\t<span class=\"elementor-divider-separator\">\n\t\t\t\t\t\t<\/span>\n\t\t<\/div>\n\t\t\t\t\t\t<\/div>\n\t\t\t\t<\/div>\n\t\t\t\t<div class=\"elementor-element elementor-element-f096983 elementor-widget-mobile__width-initial elementor-widget elementor-widget-text-editor\" data-id=\"f096983\" data-element_type=\"widget\" data-e-type=\"widget\" data-widget_type=\"text-editor.default\">\n\t\t\t\t<div class=\"elementor-widget-container\">\n\t\t\t\t\t\t\t\t\t<p>At IBSAL we care about people, and we believe that each employee will play a unique and important role within our organization. Therefore, we strive to develop a favorable and close working environment, in which to increase and nurture your skills as much as possible so that you grow with us. <br><br>We want you to enjoy working and develop your potential so that we can move forward together towards a better future for all, and that our work contributes to improving research in our country so that science can bring new solutions to all patients.<\/p>\t\t\t\t\t\t\t\t<\/div>\n\t\t\t\t<\/div>\n\t\t\t\t<\/div>\n\t\t<div class=\"elementor-element elementor-element-b6cec06 e-con-full e-flex e-con e-child\" data-id=\"b6cec06\" data-element_type=\"container\" data-e-type=\"container\">\n\t\t\t\t<div class=\"elementor-element elementor-element-8d57239 elementor-widget-mobile__width-initial elementor-widget elementor-widget-image\" data-id=\"8d57239\" data-element_type=\"widget\" data-e-type=\"widget\" data-widget_type=\"image.default\">\n\t\t\t\t<div class=\"elementor-widget-container\">\n\t\t\t\t\t\t\t\t\t\t\t\t\t\t\t<img fetchpriority=\"high\" decoding=\"async\" width=\"414\" height=\"345\" src=\"https:\/\/ibsal.es\/wp-content\/uploads\/2025\/01\/empleo-pic1-ibsal.png\" class=\"attachment-full size-full wp-image-6392\" alt=\"\" srcset=\"https:\/\/ibsal.es\/wp-content\/uploads\/2025\/01\/empleo-pic1-ibsal.png 414w, https:\/\/ibsal.es\/wp-content\/uploads\/2025\/01\/empleo-pic1-ibsal-300x250.png 300w\" sizes=\"(max-width: 414px) 100vw, 414px\" \/>\t\t\t\t\t\t\t\t\t\t\t\t\t\t\t<\/div>\n\t\t\t\t<\/div>\n\t\t\t\t<\/div>\n\t\t\t\t\t<\/div>\n\t\t\t\t<\/div>\n\t\t<div class=\"elementor-element elementor-element-db6b703 e-flex e-con-boxed e-con e-parent\" data-id=\"db6b703\" data-element_type=\"container\" data-e-type=\"container\">\n\t\t\t\t\t<div class=\"e-con-inner\">\n\t\t<div class=\"elementor-element elementor-element-9bb09de e-con-full e-flex e-con e-child\" data-id=\"9bb09de\" data-element_type=\"container\" data-e-type=\"container\">\n\t\t\t\t<div class=\"elementor-element elementor-element-f15d9b6 elementor-widget__width-initial elementor-widget-mobile__width-initial elementor-widget elementor-widget-image\" data-id=\"f15d9b6\" data-element_type=\"widget\" data-e-type=\"widget\" data-widget_type=\"image.default\">\n\t\t\t\t<div class=\"elementor-widget-container\">\n\t\t\t\t\t\t\t\t\t\t\t\t\t\t\t<img decoding=\"async\" width=\"621\" height=\"483\" src=\"https:\/\/ibsal.es\/wp-content\/uploads\/2025\/01\/empleo-pic2-ibsal.png\" class=\"attachment-large size-large wp-image-6393\" alt=\"\" srcset=\"https:\/\/ibsal.es\/wp-content\/uploads\/2025\/01\/empleo-pic2-ibsal.png 621w, https:\/\/ibsal.es\/wp-content\/uploads\/2025\/01\/empleo-pic2-ibsal-300x233.png 300w\" sizes=\"(max-width: 621px) 100vw, 621px\" \/>\t\t\t\t\t\t\t\t\t\t\t\t\t\t\t<\/div>\n\t\t\t\t<\/div>\n\t\t\t\t<\/div>\n\t\t<div class=\"elementor-element elementor-element-011900d e-con-full e-flex e-con e-child\" data-id=\"011900d\" data-element_type=\"container\" data-e-type=\"container\">\n\t\t\t\t<div class=\"elementor-element elementor-element-0d9a14e elementor-position-inline-start elementor-view-default elementor-mobile-position-block-start elementor-widget elementor-widget-icon-box\" data-id=\"0d9a14e\" data-element_type=\"widget\" data-e-type=\"widget\" data-widget_type=\"icon-box.default\">\n\t\t\t\t<div class=\"elementor-widget-container\">\n\t\t\t\t\t\t\t<div class=\"elementor-icon-box-wrapper\">\n\n\t\t\t\t\t\t<div class=\"elementor-icon-box-icon\">\n\t\t\t\t<span  class=\"elementor-icon\">\n\t\t\t\t<svg xmlns=\"http:\/\/www.w3.org\/2000\/svg\" width=\"78\" height=\"78\" viewBox=\"0 0 78 78\" fill=\"none\"><path d=\"M46.9281 45.7349H57.6492C58.965 45.7349 60.0317 44.6682 60.0317 43.3524V24.2926C60.0317 22.9768 58.965 21.9102 57.6492 21.9102H19.5297C18.2139 21.9102 17.1472 22.9768 17.1472 24.2926V31.44\" stroke=\"#DA251D\" stroke-width=\"4.76494\" stroke-linecap=\"round\" stroke-linejoin=\"round\"><\/path><path d=\"M40.9719 40.9688L33.8245 51.6899C33.8245 51.6899 30.2508 48.1162 26.6771 48.1162C19.5297 48.1162 17.1472 57.646 17.1472 57.646\" stroke=\"#003C8C\" stroke-width=\"4.76494\" stroke-linecap=\"round\" stroke-linejoin=\"round\"><\/path><circle cx=\"2.38247\" cy=\"2.38247\" r=\"2.38247\" transform=\"matrix(-1 0 0 1 29.0596 36.2031)\" stroke=\"#003C8C\" stroke-width=\"4.76494\" stroke-linecap=\"round\" stroke-linejoin=\"round\"><\/circle><circle cx=\"38.5201\" cy=\"38.5201\" r=\"38.5201\" fill=\"#003C8C\" fill-opacity=\"0.1\"><\/circle><\/svg>\t\t\t\t<\/span>\n\t\t\t<\/div>\n\t\t\t\n\t\t\t\t\t\t<div class=\"elementor-icon-box-content\">\n\n\t\t\t\t\t\t\t\t\t<h3 class=\"elementor-icon-box-title\">\n\t\t\t\t\t\t<span  >\n\t\t\t\t\t\t\tJoin our mission\t\t\t\t\t\t<\/span>\n\t\t\t\t\t<\/h3>\n\t\t\t\t\n\t\t\t\t\t\t\t\t\t<p class=\"elementor-icon-box-description\">\n\t\t\t\t\t\tWe want to enhance the synergy between basic and clinical research to achieve new advances in biomedicine.\t\t\t\t\t<\/p>\n\t\t\t\t\n\t\t\t<\/div>\n\t\t\t\n\t\t<\/div>\n\t\t\t\t\t\t<\/div>\n\t\t\t\t<\/div>\n\t\t\t\t<div class=\"elementor-element elementor-element-f2a8b6e elementor-position-inline-start elementor-view-default elementor-mobile-position-block-start elementor-widget elementor-widget-icon-box\" data-id=\"f2a8b6e\" data-element_type=\"widget\" data-e-type=\"widget\" data-widget_type=\"icon-box.default\">\n\t\t\t\t<div class=\"elementor-widget-container\">\n\t\t\t\t\t\t\t<div class=\"elementor-icon-box-wrapper\">\n\n\t\t\t\t\t\t<div class=\"elementor-icon-box-icon\">\n\t\t\t\t<span  class=\"elementor-icon\">\n\t\t\t\t<svg xmlns=\"http:\/\/www.w3.org\/2000\/svg\" width=\"78\" height=\"78\" viewBox=\"0 0 78 78\" fill=\"none\"><path d=\"M27.8685 42.1602L21.9124 54.0725H27.8685L30.251 60.0287L37.3984 45.7339H39.7809L45.7371 60.0287L49.3108 54.0725H55.2669L49.3108 42.1602\" stroke=\"#DA251D\" stroke-width=\"4.76494\" stroke-linecap=\"round\" stroke-linejoin=\"round\"><\/path><circle cx=\"38.5895\" cy=\"31.4394\" r=\"14.2948\" stroke=\"#003C8C\" stroke-width=\"4.76494\" stroke-linecap=\"round\" stroke-linejoin=\"round\"><\/circle><circle cx=\"38.5201\" cy=\"38.5201\" r=\"38.5201\" fill=\"#003C8C\" fill-opacity=\"0.1\"><\/circle><\/svg>\t\t\t\t<\/span>\n\t\t\t<\/div>\n\t\t\t\n\t\t\t\t\t\t<div class=\"elementor-icon-box-content\">\n\n\t\t\t\t\t\t\t\t\t<h3 class=\"elementor-icon-box-title\">\n\t\t\t\t\t\t<span  >\n\t\t\t\t\t\t\tEvolves towards excellence\t\t\t\t\t\t<\/span>\n\t\t\t\t\t<\/h3>\n\t\t\t\t\n\t\t\t\t\t\t\t\t\t<p class=\"elementor-icon-box-description\">\n\t\t\t\t\t\tWe are constantly evolving to lead in the field of biomedical research. IBSAL is the only institute accredited for excellence in Castilla y Le\u00f3n. \t\t\t\t\t<\/p>\n\t\t\t\t\n\t\t\t<\/div>\n\t\t\t\n\t\t<\/div>\n\t\t\t\t\t\t<\/div>\n\t\t\t\t<\/div>\n\t\t\t\t<div class=\"elementor-element elementor-element-33c5bc1 elementor-position-inline-start elementor-view-default elementor-mobile-position-block-start elementor-widget elementor-widget-icon-box\" data-id=\"33c5bc1\" data-element_type=\"widget\" data-e-type=\"widget\" data-widget_type=\"icon-box.default\">\n\t\t\t\t<div class=\"elementor-widget-container\">\n\t\t\t\t\t\t\t<div class=\"elementor-icon-box-wrapper\">\n\n\t\t\t\t\t\t<div class=\"elementor-icon-box-icon\">\n\t\t\t\t<span  class=\"elementor-icon\">\n\t\t\t\t<svg xmlns=\"http:\/\/www.w3.org\/2000\/svg\" width=\"78\" height=\"78\" viewBox=\"0 0 78 78\" fill=\"none\"><path d=\"M52.8843 29.0625V60.0346\" stroke=\"#DA251D\" stroke-width=\"4.76494\" stroke-linecap=\"round\" stroke-linejoin=\"round\"><\/path><circle cx=\"2.38247\" cy=\"2.38247\" r=\"2.38247\" transform=\"matrix(-1 0 0 1 55.2666 17.1484)\" stroke=\"#DA251D\" stroke-width=\"4.76494\" stroke-linecap=\"round\" stroke-linejoin=\"round\"><\/circle><path d=\"M40.9719 36.2099L48.1193 33.8274L52.8843 29.0625L60.0317 43.3573\" stroke=\"#DA251D\" stroke-width=\"4.76494\" stroke-linecap=\"round\" stroke-linejoin=\"round\"><\/path><path d=\"M21.9121 29.0625V60.0346\" stroke=\"#003C8C\" stroke-width=\"4.76494\" stroke-linecap=\"round\" stroke-linejoin=\"round\"><\/path><circle cx=\"2.38247\" cy=\"2.38247\" r=\"2.38247\" transform=\"matrix(-1 0 0 1 24.2947 17.1484)\" stroke=\"#003C8C\" stroke-width=\"4.76494\" stroke-linecap=\"round\" stroke-linejoin=\"round\"><\/circle><path d=\"M33.8245 38.5924L26.6771 36.2099L21.9121 29.0625L17.1472 43.3573\" stroke=\"#003C8C\" stroke-width=\"4.76494\" stroke-linecap=\"round\" stroke-linejoin=\"round\"><\/path><circle cx=\"38.5201\" cy=\"38.5201\" r=\"38.5201\" fill=\"#003C8C\" fill-opacity=\"0.1\"><\/circle><\/svg>\t\t\t\t<\/span>\n\t\t\t<\/div>\n\t\t\t\n\t\t\t\t\t\t<div class=\"elementor-icon-box-content\">\n\n\t\t\t\t\t\t\t\t\t<h3 class=\"elementor-icon-box-title\">\n\t\t\t\t\t\t<span  >\n\t\t\t\t\t\t\tDevelop yourself in a good working environment\t\t\t\t\t\t<\/span>\n\t\t\t\t\t<\/h3>\n\t\t\t\t\n\t\t\t\t\t\t\t\t\t<p class=\"elementor-icon-box-description\">\n\t\t\t\t\t\tIBSAL has the seal of excellence in HR granted by the European Commission \"HR Excellence in Research\", which identifies institutions that generate and support the existence of a stimulating and favorable environment for research. \t\t\t\t\t<\/p>\n\t\t\t\t\n\t\t\t<\/div>\n\t\t\t\n\t\t<\/div>\n\t\t\t\t\t\t<\/div>\n\t\t\t\t<\/div>\n\t\t\t\t<div class=\"elementor-element elementor-element-dfeade0 elementor-position-inline-start elementor-view-default elementor-mobile-position-block-start elementor-widget elementor-widget-icon-box\" data-id=\"dfeade0\" data-element_type=\"widget\" data-e-type=\"widget\" data-widget_type=\"icon-box.default\">\n\t\t\t\t<div class=\"elementor-widget-container\">\n\t\t\t\t\t\t\t<div class=\"elementor-icon-box-wrapper\">\n\n\t\t\t\t\t\t<div class=\"elementor-icon-box-icon\">\n\t\t\t\t<span  class=\"elementor-icon\">\n\t\t\t\t<svg xmlns=\"http:\/\/www.w3.org\/2000\/svg\" width=\"78\" height=\"78\" viewBox=\"0 0 78 78\" fill=\"none\"><path d=\"M20.016 48.1172C18.1916 50.9206 17.1475 54.1755 17.1475 57.6471H24.2949M57.1633 48.1172C58.9877 50.9206 60.0319 54.1755 60.0319 57.6471H52.8845\" stroke=\"#003C8C\" stroke-width=\"4.76494\" stroke-linecap=\"round\" stroke-linejoin=\"round\"><\/path><circle cx=\"38.5898\" cy=\"24.2919\" r=\"7.14741\" stroke=\"#003C8C\" stroke-width=\"4.76494\"><\/circle><path d=\"M24.2949 40.9688H52.8846L50.5021 60.0285H26.6774L24.2949 40.9688Z\" stroke=\"#DA251D\" stroke-width=\"4.76494\" stroke-linecap=\"round\" stroke-linejoin=\"round\"><\/path><circle cx=\"38.5201\" cy=\"38.5201\" r=\"38.5201\" fill=\"#003C8C\" fill-opacity=\"0.1\"><\/circle><\/svg>\t\t\t\t<\/span>\n\t\t\t<\/div>\n\t\t\t\n\t\t\t\t\t\t<div class=\"elementor-icon-box-content\">\n\n\t\t\t\t\t\t\t\t\t<h3 class=\"elementor-icon-box-title\">\n\t\t\t\t\t\t<span  >\n\t\t\t\t\t\t\tEnjoy the advantages of working at IBSAL\t\t\t\t\t\t<\/span>\n\t\t\t\t\t<\/h3>\n\t\t\t\t\n\t\t\t\t\t\t\t\t\t<p class=\"elementor-icon-box-description\">\n\t\t\t\t\t\tThese include the prospect of advancement within the company, work-life balance, social benefits, and quality of life at work.\t\t\t\t\t<\/p>\n\t\t\t\t\n\t\t\t<\/div>\n\t\t\t\n\t\t<\/div>\n\t\t\t\t\t\t<\/div>\n\t\t\t\t<\/div>\n\t\t\t\t<\/div>\n\t\t\t\t\t<\/div>\n\t\t\t\t<\/div>\n\t\t\t\t<\/div>\n\t\t","protected":false},"excerpt":{"rendered":"<p>Join our team At IBSAL we are committed to talent and excellence to promote cutting-edge biosanitary research. If you share our passion for research and innovation, we invite you to [&hellip;]<\/p>\n","protected":false},"author":4,"featured_media":0,"parent":0,"menu_order":0,"comment_status":"closed","ping_status":"closed","template":"","meta":{"_acf_changed":false,"_price":"","_stock":"","_tribe_ticket_header":"","_tribe_default_ticket_provider":"","_tribe_ticket_capacity":"0","_ticket_start_date":"","_ticket_end_date":"","_tribe_ticket_show_description":"","_tribe_ticket_show_not_going":false,"_tribe_ticket_use_global_stock":"","_tribe_ticket_global_stock_level":"","_global_stock_mode":"","_global_stock_cap":"","_tribe_rsvp_for_event":"","_tribe_ticket_going_count":"","_tribe_ticket_not_going_count":"","_tribe_tickets_list":"[]","_tribe_ticket_has_attendee_info_fields":false,"footnotes":""},"class_list":["post-6693","page","type-page","status-publish","hentry"],"acf":[],"yoast_head":"<!-- This site is optimized with the Yoast SEO Premium plugin v20.12 (Yoast SEO v27.3) - https:\/\/yoast.com\/product\/yoast-seo-premium-wordpress\/ -->\n<title>Employment opportunities | IBSAL<\/title>\n<meta name=\"robots\" content=\"index, follow, max-snippet:-1, max-image-preview:large, max-video-preview:-1\" \/>\n<link rel=\"canonical\" href=\"https:\/\/ibsal.es\/en\/employment-opportunities\/\" \/>\n<meta property=\"og:locale\" content=\"en_US\" \/>\n<meta property=\"og:type\" content=\"article\" \/>\n<meta property=\"og:title\" content=\"Employment opportunities\" \/>\n<meta property=\"og:description\" content=\"Join our team At IBSAL we are committed to talent and excellence to promote cutting-edge biosanitary research. If you share our passion for research and innovation, we invite you to [&hellip;]\" \/>\n<meta property=\"og:url\" content=\"https:\/\/ibsal.es\/en\/employment-opportunities\/\" \/>\n<meta property=\"og:site_name\" content=\"IBSAL\" \/>\n<meta property=\"article:modified_time\" content=\"2025-03-13T09:31:09+00:00\" \/>\n<meta property=\"og:image\" content=\"https:\/\/ibsal.es\/wp-content\/uploads\/2025\/01\/empleo-pic1-ibsal.png\" \/>\n<meta name=\"twitter:card\" content=\"summary_large_image\" \/>\n<meta name=\"twitter:label1\" content=\"Est. reading time\" \/>\n\t<meta name=\"twitter:data1\" content=\"3 minutes\" \/>\n<script type=\"application\/ld+json\" class=\"yoast-schema-graph\">{\"@context\":\"https:\\\/\\\/schema.org\",\"@graph\":[{\"@type\":\"WebPage\",\"@id\":\"https:\\\/\\\/ibsal.es\\\/en\\\/employment-opportunities\\\/\",\"url\":\"https:\\\/\\\/ibsal.es\\\/en\\\/employment-opportunities\\\/\",\"name\":\"Employment opportunities | IBSAL\",\"isPartOf\":{\"@id\":\"https:\\\/\\\/ibsal.es\\\/en\\\/#website\"},\"primaryImageOfPage\":{\"@id\":\"https:\\\/\\\/ibsal.es\\\/en\\\/employment-opportunities\\\/#primaryimage\"},\"image\":{\"@id\":\"https:\\\/\\\/ibsal.es\\\/en\\\/employment-opportunities\\\/#primaryimage\"},\"thumbnailUrl\":\"https:\\\/\\\/ibsal.es\\\/wp-content\\\/uploads\\\/2025\\\/01\\\/empleo-pic1-ibsal.png\",\"datePublished\":\"2024-10-18T07:35:56+00:00\",\"dateModified\":\"2025-03-13T09:31:09+00:00\",\"breadcrumb\":{\"@id\":\"https:\\\/\\\/ibsal.es\\\/en\\\/employment-opportunities\\\/#breadcrumb\"},\"inLanguage\":\"en-US\",\"potentialAction\":[{\"@type\":\"ReadAction\",\"target\":[\"https:\\\/\\\/ibsal.es\\\/en\\\/employment-opportunities\\\/\"]}]},{\"@type\":\"ImageObject\",\"inLanguage\":\"en-US\",\"@id\":\"https:\\\/\\\/ibsal.es\\\/en\\\/employment-opportunities\\\/#primaryimage\",\"url\":\"https:\\\/\\\/ibsal.es\\\/wp-content\\\/uploads\\\/2025\\\/01\\\/empleo-pic1-ibsal.png\",\"contentUrl\":\"https:\\\/\\\/ibsal.es\\\/wp-content\\\/uploads\\\/2025\\\/01\\\/empleo-pic1-ibsal.png\"},{\"@type\":\"BreadcrumbList\",\"@id\":\"https:\\\/\\\/ibsal.es\\\/en\\\/employment-opportunities\\\/#breadcrumb\",\"itemListElement\":[{\"@type\":\"ListItem\",\"position\":1,\"name\":\"Portada\",\"item\":\"https:\\\/\\\/ibsal.es\\\/en\\\/\"},{\"@type\":\"ListItem\",\"position\":2,\"name\":\"Employment opportunities\"}]},{\"@type\":\"WebSite\",\"@id\":\"https:\\\/\\\/ibsal.es\\\/en\\\/#website\",\"url\":\"https:\\\/\\\/ibsal.es\\\/en\\\/\",\"name\":\"IBSAL\",\"description\":\"Benchmarks in translational research in biomedicine in Castilla y Le\u00f3n\",\"alternateName\":\"Instituto de Investigaci\u00f3n Biom\u00e9dica de Salamanca\",\"potentialAction\":[{\"@type\":\"SearchAction\",\"target\":{\"@type\":\"EntryPoint\",\"urlTemplate\":\"https:\\\/\\\/ibsal.es\\\/en\\\/?s={search_term_string}\"},\"query-input\":{\"@type\":\"PropertyValueSpecification\",\"valueRequired\":true,\"valueName\":\"search_term_string\"}}],\"inLanguage\":\"en-US\"}]}<\/script>\n<!-- \/ Yoast SEO Premium plugin. -->","yoast_head_json":{"title":"Employment opportunities | IBSAL","robots":{"index":"index","follow":"follow","max-snippet":"max-snippet:-1","max-image-preview":"max-image-preview:large","max-video-preview":"max-video-preview:-1"},"canonical":"https:\/\/ibsal.es\/en\/employment-opportunities\/","og_locale":"en_US","og_type":"article","og_title":"Employment opportunities","og_description":"Join our team At IBSAL we are committed to talent and excellence to promote cutting-edge biosanitary research. If you share our passion for research and innovation, we invite you to [&hellip;]","og_url":"https:\/\/ibsal.es\/en\/employment-opportunities\/","og_site_name":"IBSAL","article_modified_time":"2025-03-13T09:31:09+00:00","og_image":[{"url":"https:\/\/ibsal.es\/wp-content\/uploads\/2025\/01\/empleo-pic1-ibsal.png","type":"","width":"","height":""}],"twitter_card":"summary_large_image","twitter_misc":{"Est. reading time":"3 minutes"},"schema":{"@context":"https:\/\/schema.org","@graph":[{"@type":"WebPage","@id":"https:\/\/ibsal.es\/en\/employment-opportunities\/","url":"https:\/\/ibsal.es\/en\/employment-opportunities\/","name":"Employment opportunities | IBSAL","isPartOf":{"@id":"https:\/\/ibsal.es\/en\/#website"},"primaryImageOfPage":{"@id":"https:\/\/ibsal.es\/en\/employment-opportunities\/#primaryimage"},"image":{"@id":"https:\/\/ibsal.es\/en\/employment-opportunities\/#primaryimage"},"thumbnailUrl":"https:\/\/ibsal.es\/wp-content\/uploads\/2025\/01\/empleo-pic1-ibsal.png","datePublished":"2024-10-18T07:35:56+00:00","dateModified":"2025-03-13T09:31:09+00:00","breadcrumb":{"@id":"https:\/\/ibsal.es\/en\/employment-opportunities\/#breadcrumb"},"inLanguage":"en-US","potentialAction":[{"@type":"ReadAction","target":["https:\/\/ibsal.es\/en\/employment-opportunities\/"]}]},{"@type":"ImageObject","inLanguage":"en-US","@id":"https:\/\/ibsal.es\/en\/employment-opportunities\/#primaryimage","url":"https:\/\/ibsal.es\/wp-content\/uploads\/2025\/01\/empleo-pic1-ibsal.png","contentUrl":"https:\/\/ibsal.es\/wp-content\/uploads\/2025\/01\/empleo-pic1-ibsal.png"},{"@type":"BreadcrumbList","@id":"https:\/\/ibsal.es\/en\/employment-opportunities\/#breadcrumb","itemListElement":[{"@type":"ListItem","position":1,"name":"Portada","item":"https:\/\/ibsal.es\/en\/"},{"@type":"ListItem","position":2,"name":"Employment opportunities"}]},{"@type":"WebSite","@id":"https:\/\/ibsal.es\/en\/#website","url":"https:\/\/ibsal.es\/en\/","name":"IBSAL","description":"Benchmarks in translational research in biomedicine in Castilla y Le\u00f3n","alternateName":"Instituto de Investigaci\u00f3n Biom\u00e9dica de Salamanca","potentialAction":[{"@type":"SearchAction","target":{"@type":"EntryPoint","urlTemplate":"https:\/\/ibsal.es\/en\/?s={search_term_string}"},"query-input":{"@type":"PropertyValueSpecification","valueRequired":true,"valueName":"search_term_string"}}],"inLanguage":"en-US"}]}},"_links":{"self":[{"href":"https:\/\/ibsal.es\/en\/wp-json\/wp\/v2\/pages\/6693","targetHints":{"allow":["GET"]}}],"collection":[{"href":"https:\/\/ibsal.es\/en\/wp-json\/wp\/v2\/pages"}],"about":[{"href":"https:\/\/ibsal.es\/en\/wp-json\/wp\/v2\/types\/page"}],"author":[{"embeddable":true,"href":"https:\/\/ibsal.es\/en\/wp-json\/wp\/v2\/users\/4"}],"replies":[{"embeddable":true,"href":"https:\/\/ibsal.es\/en\/wp-json\/wp\/v2\/comments?post=6693"}],"version-history":[{"count":0,"href":"https:\/\/ibsal.es\/en\/wp-json\/wp\/v2\/pages\/6693\/revisions"}],"wp:attachment":[{"href":"https:\/\/ibsal.es\/en\/wp-json\/wp\/v2\/media?parent=6693"}],"curies":[{"name":"wp","href":"https:\/\/api.w.org\/{rel}","templated":true}]}}