{"id":6690,"date":"2025-02-05T13:28:40","date_gmt":"2025-02-05T13:28:40","guid":{"rendered":"https:\/\/ibsal.es\/closed-calls-for-proposals\/"},"modified":"2025-03-12T10:32:52","modified_gmt":"2025-03-12T10:32:52","slug":"closed-calls-for-proposals","status":"publish","type":"page","link":"https:\/\/ibsal.es\/en\/closed-calls-for-proposals\/","title":{"rendered":"Closed calls for proposals"},"content":{"rendered":"\t\t<div data-elementor-type=\"wp-page\" data-elementor-id=\"6690\" class=\"elementor elementor-6690 elementor-4849\" data-elementor-post-type=\"page\">\n\t\t\t\t<div class=\"elementor-element elementor-element-e6e88ea e-flex e-con-boxed e-con e-parent\" data-id=\"e6e88ea\" data-element_type=\"container\" data-e-type=\"container\">\n\t\t\t\t\t<div class=\"e-con-inner\">\n\t\t\t\t<div class=\"elementor-element elementor-element-d7ae257 elementor-align-center elementor-icon-list--layout-traditional elementor-list-item-link-full_width elementor-widget elementor-widget-icon-list\" data-id=\"d7ae257\" data-element_type=\"widget\" data-e-type=\"widget\" data-widget_type=\"icon-list.default\">\n\t\t\t\t<div class=\"elementor-widget-container\">\n\t\t\t\t\t\t\t<ul class=\"elementor-icon-list-items\">\n\t\t\t\t\t\t\t<li class=\"elementor-icon-list-item\">\n\t\t\t\t\t\t\t\t\t\t\t<a href=\"https:\/\/ibsal.es\/en\/employment-opportunities\/\">\n\n\t\t\t\t\t\t\t\t\t\t\t\t<span class=\"elementor-icon-list-icon\">\n\t\t\t\t\t\t\t<svg aria-hidden=\"true\" class=\"e-font-icon-svg e-fas-angle-left\" viewBox=\"0 0 256 512\" xmlns=\"http:\/\/www.w3.org\/2000\/svg\"><path d=\"M31.7 239l136-136c9.4-9.4 24.6-9.4 33.9 0l22.6 22.6c9.4 9.4 9.4 24.6 0 33.9L127.9 256l96.4 96.4c9.4 9.4 9.4 24.6 0 33.9L201.7 409c-9.4 9.4-24.6 9.4-33.9 0l-136-136c-9.5-9.4-9.5-24.6-.1-34z\"><\/path><\/svg>\t\t\t\t\t\t<\/span>\n\t\t\t\t\t\t\t\t\t\t<span class=\"elementor-icon-list-text\">Back to open calls<\/span>\n\t\t\t\t\t\t\t\t\t\t\t<\/a>\n\t\t\t\t\t\t\t\t\t<\/li>\n\t\t\t\t\t\t<\/ul>\n\t\t\t\t\t\t<\/div>\n\t\t\t\t<\/div>\n\t\t\t\t<div class=\"elementor-element elementor-element-b794888 elementor-widget-tablet__width-initial elementor-widget-mobile__width-initial elementor-widget elementor-widget-heading\" data-id=\"b794888\" data-element_type=\"widget\" data-e-type=\"widget\" data-widget_type=\"heading.default\">\n\t\t\t\t<div class=\"elementor-widget-container\">\n\t\t\t\t\t<h2 class=\"elementor-heading-title elementor-size-default\">Closed calls for proposals<\/h2>\t\t\t\t<\/div>\n\t\t\t\t<\/div>\n\t\t\t\t<div class=\"elementor-element elementor-element-8b0741b elementor-widget-mobile__width-initial elementor-widget-divider--view-line elementor-widget elementor-widget-divider\" data-id=\"8b0741b\" data-element_type=\"widget\" data-e-type=\"widget\" data-widget_type=\"divider.default\">\n\t\t\t\t<div class=\"elementor-widget-container\">\n\t\t\t\t\t\t\t<div class=\"elementor-divider\">\n\t\t\t<span class=\"elementor-divider-separator\">\n\t\t\t\t\t\t<\/span>\n\t\t<\/div>\n\t\t\t\t\t\t<\/div>\n\t\t\t\t<\/div>\n\t\t\t\t<div class=\"elementor-element elementor-element-2157543 elementor-widget__width-inherit elementor-widget elementor-widget-shortcode\" data-id=\"2157543\" data-element_type=\"widget\" data-e-type=\"widget\" data-widget_type=\"shortcode.default\">\n\t\t\t\t<div class=\"elementor-widget-container\">\n\t\t\t\t\t\t\t<div class=\"elementor-shortcode\">\t<div class=\"awsm-job-wrap\">\n\n\t\t<div class=\"awsm-filter-wrap\"><form action=\"https:\/\/ibsal.es\/wp-admin\/admin-ajax.php\" method=\"POST\"><div class=\"awsm-filter-item-search\"><div class=\"awsm-filter-item-search-in\"><label for=\"awsm-jq-1\" class=\"awsm-sr-only\">Buscar<\/label><input type=\"text\" id=\"awsm-jq-1\" name=\"jq\" value=\"\" placeholder=\"Buscar\" class=\"awsm-job-search awsm-job-form-control\"><span class=\"awsm-job-search-btn awsm-job-search-icon-wrapper\"><i class=\"awsm-job-icon-search\"><\/i><\/span><span class=\"awsm-job-search-close-btn awsm-job-search-icon-wrapper awsm-job-hide\"><i class=\"awsm-job-icon-close-circle\"><\/i><\/span><\/div><\/div><input type=\"hidden\" name=\"lang\" value=\"en\"><input type=\"hidden\" name=\"action\" value=\"jobfilter\"><\/form><\/div>\n\t\t<div class=\"awsm-job-listings awsm-row awsm-grid-col-3\" data-listings=\"9\" data-lang=\"en\" data-jstatus=\"expired\">\n\t\t\t\t\t<div class=\"awsm-job-listing-item awsm-job-expired-item awsm-grid-item\" id=\"awsm-grid-item-9677\">\t\t<a href=\"https:\/\/ibsal.es\/en\/?post_type=awsm_job_openings&#038;p=9677\" class=\"awsm-job-item\">\t\t\t<div class=\"awsm-grid-left-col\">\n\t\t\t\t\n\t\t\t\t\n\t\t\t\t<h2 class=\"awsm-job-post-title\">\n\t\t\t\t\tRef.28_2025. Senior Research Graduate\t\t\t\t<\/h2>\n\n\t\t\t\t\t\t\t<\/div>\n\n\t\t\t<div class=\"awsm-grid-right-col\">\n\t\t\t\t<div class=\"awsm-job-specification-wrapper\"><div class=\"awsm-job-specification-item awsm-job-specification-departamento\"><i class=\"awsm-job-icon-map-marker\"><\/i><span class=\"awsm-job-specification-term\">IBSAL: Servicio de Hematolog\u00eda Hospital Universitario de Salamanca<\/span> <\/div><div class=\"awsm-job-specification-item awsm-job-specification-tipo-de-contrato\"><i class=\"awsm-job-icon-file\"><\/i><span class=\"awsm-job-specification-term\">Contrato temporal. Jornada completa<\/span> <\/div><div class=\"awsm-job-specification-item awsm-job-specification-referencia\"><i class=\"awsm-job-icon-folder\"><\/i><span class=\"awsm-job-specification-term\">Ref.28_2025<\/span> <\/div><\/div><div class=\"awsm-job-more-container\"><span class=\"awsm-job-more\">M\u00e1s detalles <span><\/span><\/span><\/div>\t\t\t<\/div>\n\t\t<\/a>\t<\/div><div class=\"awsm-job-listing-item awsm-job-expired-item awsm-grid-item\" id=\"awsm-grid-item-9593\">\t\t<a href=\"https:\/\/ibsal.es\/en\/?post_type=awsm_job_openings&#038;p=9593\" class=\"awsm-job-item\">\t\t\t<div class=\"awsm-grid-left-col\">\n\t\t\t\t\n\t\t\t\t\n\t\t\t\t<h2 class=\"awsm-job-post-title\">\n\t\t\t\t\tRef.27_2025. Research Nurse\t\t\t\t<\/h2>\n\n\t\t\t\t\t\t\t<\/div>\n\n\t\t\t<div class=\"awsm-grid-right-col\">\n\t\t\t\t<div class=\"awsm-job-specification-wrapper\"><div class=\"awsm-job-specification-item awsm-job-specification-departamento\"><i class=\"awsm-job-icon-map-marker\"><\/i><span class=\"awsm-job-specification-term\">IBSAL: Servicio de Hematolog\u00eda Hospital Universitario de Salamanca<\/span> <\/div><div class=\"awsm-job-specification-item awsm-job-specification-tipo-de-contrato\"><i class=\"awsm-job-icon-file\"><\/i><span class=\"awsm-job-specification-term\">Contrato temporal. Jornada completa<\/span> <\/div><div class=\"awsm-job-specification-item awsm-job-specification-referencia\"><i class=\"awsm-job-icon-folder\"><\/i><span class=\"awsm-job-specification-term\">Ref.27_2025<\/span> <\/div><\/div><div class=\"awsm-job-more-container\"><span class=\"awsm-job-more\">M\u00e1s detalles <span><\/span><\/span><\/div>\t\t\t<\/div>\n\t\t<\/a>\t<\/div><div class=\"awsm-job-listing-item awsm-job-expired-item awsm-grid-item\" id=\"awsm-grid-item-9589\">\t\t<a href=\"https:\/\/ibsal.es\/en\/?post_type=awsm_job_openings&#038;p=9589\" class=\"awsm-job-item\">\t\t\t<div class=\"awsm-grid-left-col\">\n\t\t\t\t\n\t\t\t\t\n\t\t\t\t<h2 class=\"awsm-job-post-title\">\n\t\t\t\t\tRef.26_2025. Administrative Management in Clinical Trials Research\t\t\t\t<\/h2>\n\n\t\t\t\t\t\t\t<\/div>\n\n\t\t\t<div class=\"awsm-grid-right-col\">\n\t\t\t\t<div class=\"awsm-job-specification-wrapper\"><div class=\"awsm-job-specification-item awsm-job-specification-departamento\"><i class=\"awsm-job-icon-map-marker\"><\/i><span class=\"awsm-job-specification-term\">Unidad T\u00e9cnica de Gesti\u00f3n<\/span> <\/div><div class=\"awsm-job-specification-item awsm-job-specification-tipo-de-contrato\"><i class=\"awsm-job-icon-file\"><\/i><span class=\"awsm-job-specification-term\">Contrato indefinido. Jornada completa<\/span> <\/div><div class=\"awsm-job-specification-item awsm-job-specification-referencia\"><i class=\"awsm-job-icon-folder\"><\/i><span class=\"awsm-job-specification-term\">Ref.26\/2025<\/span> <\/div><\/div><div class=\"awsm-job-more-container\"><span class=\"awsm-job-more\">M\u00e1s detalles <span><\/span><\/span><\/div>\t\t\t<\/div>\n\t\t<\/a>\t<\/div><div class=\"awsm-job-listing-item awsm-job-expired-item awsm-grid-item\" id=\"awsm-grid-item-8829\">\t\t<a href=\"https:\/\/ibsal.es\/en\/?post_type=awsm_job_openings&#038;p=8829\" class=\"awsm-job-item\">\t\t\t<div class=\"awsm-grid-left-col\">\n\t\t\t\t\n\t\t\t\t\n\t\t\t\t<h2 class=\"awsm-job-post-title\">\n\t\t\t\t\tRef.25_2025. Data Manager in Research\t\t\t\t<\/h2>\n\n\t\t\t\t\t\t\t<\/div>\n\n\t\t\t<div class=\"awsm-grid-right-col\">\n\t\t\t\t<div class=\"awsm-job-specification-wrapper\"><div class=\"awsm-job-specification-item awsm-job-specification-departamento\"><i class=\"awsm-job-icon-map-marker\"><\/i><span class=\"awsm-job-specification-term\">IBSAL- Servicio de Aparato Digestivo del Complejo Asistencial Universitario de Salamanca.<\/span> <\/div><div class=\"awsm-job-specification-item awsm-job-specification-tipo-de-contrato\"><i class=\"awsm-job-icon-file\"><\/i><span class=\"awsm-job-specification-term\">Contrato Temporal a jornada parcial<\/span> <\/div><div class=\"awsm-job-specification-item awsm-job-specification-referencia\"><i class=\"awsm-job-icon-folder\"><\/i><span class=\"awsm-job-specification-term\">Ref.25_2025<\/span> <\/div><\/div><div class=\"awsm-job-more-container\"><span class=\"awsm-job-more\">M\u00e1s detalles <span><\/span><\/span><\/div>\t\t\t<\/div>\n\t\t<\/a>\t<\/div><div class=\"awsm-job-listing-item awsm-job-expired-item awsm-grid-item\" id=\"awsm-grid-item-8731\">\t\t<a href=\"https:\/\/ibsal.es\/en\/?post_type=awsm_job_openings&#038;p=8731\" class=\"awsm-job-item\">\t\t\t<div class=\"awsm-grid-left-col\">\n\t\t\t\t\n\t\t\t\t\n\t\t\t\t<h2 class=\"awsm-job-post-title\">\n\t\t\t\t\tRef.24_2025. Quality Technician Specialist\t\t\t\t<\/h2>\n\n\t\t\t\t\t\t\t<\/div>\n\n\t\t\t<div class=\"awsm-grid-right-col\">\n\t\t\t\t<div class=\"awsm-job-specification-wrapper\"><div class=\"awsm-job-specification-item awsm-job-specification-departamento\"><i class=\"awsm-job-icon-map-marker\"><\/i><span class=\"awsm-job-specification-term\">IBSAL- Unidad de Trasplante de Progenitores hematopoy\u00e9ticos de Pediatr\u00eda del Hospital Universitario de Salamanca.<\/span> <\/div><div class=\"awsm-job-specification-item awsm-job-specification-tipo-de-contrato\"><i class=\"awsm-job-icon-file\"><\/i><span class=\"awsm-job-specification-term\">Contrato Temporal a jornada parcial<\/span> <\/div><div class=\"awsm-job-specification-item awsm-job-specification-referencia\"><i class=\"awsm-job-icon-folder\"><\/i><span class=\"awsm-job-specification-term\">Ref.24_2025<\/span> <\/div><\/div><div class=\"awsm-job-more-container\"><span class=\"awsm-job-more\">M\u00e1s detalles <span><\/span><\/span><\/div>\t\t\t<\/div>\n\t\t<\/a>\t<\/div><div class=\"awsm-job-listing-item awsm-job-expired-item awsm-grid-item\" id=\"awsm-grid-item-8831\">\t\t<a href=\"https:\/\/ibsal.es\/en\/?post_type=awsm_job_openings&#038;p=8831\" class=\"awsm-job-item\">\t\t\t<div class=\"awsm-grid-left-col\">\n\t\t\t\t\n\t\t\t\t\n\t\t\t\t<h2 class=\"awsm-job-post-title\">\n\t\t\t\t\tRef.23_2025. Research Laboratory Technician\t\t\t\t<\/h2>\n\n\t\t\t\t\t\t\t<\/div>\n\n\t\t\t<div class=\"awsm-grid-right-col\">\n\t\t\t\t<div class=\"awsm-job-specification-wrapper\"><div class=\"awsm-job-specification-item awsm-job-specification-departamento\"><i class=\"awsm-job-icon-map-marker\"><\/i><span class=\"awsm-job-specification-term\">IBSAL: Servicio de Hematolog\u00eda Hospital Universitario de Salamanca<\/span> <\/div><div class=\"awsm-job-specification-item awsm-job-specification-tipo-de-contrato\"><i class=\"awsm-job-icon-file\"><\/i><span class=\"awsm-job-specification-term\">Contrato temporal. Jornada completa<\/span> <\/div><div class=\"awsm-job-specification-item awsm-job-specification-referencia\"><i class=\"awsm-job-icon-folder\"><\/i><span class=\"awsm-job-specification-term\">Ref.23_2025<\/span> <\/div><\/div><div class=\"awsm-job-more-container\"><span class=\"awsm-job-more\">M\u00e1s detalles <span><\/span><\/span><\/div>\t\t\t<\/div>\n\t\t<\/a>\t<\/div><div class=\"awsm-job-listing-item awsm-job-expired-item awsm-grid-item\" id=\"awsm-grid-item-8833\">\t\t<a href=\"https:\/\/ibsal.es\/en\/?post_type=awsm_job_openings&#038;p=8833\" class=\"awsm-job-item\">\t\t\t<div class=\"awsm-grid-left-col\">\n\t\t\t\t\n\t\t\t\t\n\t\t\t\t<h2 class=\"awsm-job-post-title\">\n\t\t\t\t\tRef.22_2025. Research Laboratory Technician\t\t\t\t<\/h2>\n\n\t\t\t\t\t\t\t<\/div>\n\n\t\t\t<div class=\"awsm-grid-right-col\">\n\t\t\t\t<div class=\"awsm-job-specification-wrapper\"><div class=\"awsm-job-specification-item awsm-job-specification-departamento\"><i class=\"awsm-job-icon-map-marker\"><\/i><span class=\"awsm-job-specification-term\">IBSAL: Servicio de Hematolog\u00eda Hospital Universitario de Salamanca<\/span> <\/div><div class=\"awsm-job-specification-item awsm-job-specification-tipo-de-contrato\"><i class=\"awsm-job-icon-file\"><\/i><span class=\"awsm-job-specification-term\">Contrato indefinido. Jornada completa<\/span> <\/div><div class=\"awsm-job-specification-item awsm-job-specification-referencia\"><i class=\"awsm-job-icon-folder\"><\/i><span class=\"awsm-job-specification-term\">Ref.22_2025<\/span> <\/div><\/div><div class=\"awsm-job-more-container\"><span class=\"awsm-job-more\">M\u00e1s detalles <span><\/span><\/span><\/div>\t\t\t<\/div>\n\t\t<\/a>\t<\/div><div class=\"awsm-job-listing-item awsm-job-expired-item awsm-grid-item\" id=\"awsm-grid-item-8835\">\t\t<a href=\"https:\/\/ibsal.es\/en\/?post_type=awsm_job_openings&#038;p=8835\" class=\"awsm-job-item\">\t\t\t<div class=\"awsm-grid-left-col\">\n\t\t\t\t\n\t\t\t\t\n\t\t\t\t<h2 class=\"awsm-job-post-title\">\n\t\t\t\t\tRef.21_2025. PhD in Research\t\t\t\t<\/h2>\n\n\t\t\t\t\t\t\t<\/div>\n\n\t\t\t<div class=\"awsm-grid-right-col\">\n\t\t\t\t<div class=\"awsm-job-specification-wrapper\"><div class=\"awsm-job-specification-item awsm-job-specification-departamento\"><i class=\"awsm-job-icon-map-marker\"><\/i><span class=\"awsm-job-specification-term\">IBSAL: Servicio de Hematolog\u00eda Hospital Universitario de Salamanca<\/span> <\/div><div class=\"awsm-job-specification-item awsm-job-specification-tipo-de-contrato\"><i class=\"awsm-job-icon-file\"><\/i><span class=\"awsm-job-specification-term\">Contrato indefinido. Jornada completa<\/span> <\/div><div class=\"awsm-job-specification-item awsm-job-specification-referencia\"><i class=\"awsm-job-icon-folder\"><\/i><span class=\"awsm-job-specification-term\">Ref.21_2025<\/span> <\/div><\/div><div class=\"awsm-job-more-container\"><span class=\"awsm-job-more\">M\u00e1s detalles <span><\/span><\/span><\/div>\t\t\t<\/div>\n\t\t<\/a>\t<\/div><div class=\"awsm-job-listing-item awsm-job-expired-item awsm-grid-item\" id=\"awsm-grid-item-8837\">\t\t<a href=\"https:\/\/ibsal.es\/en\/?post_type=awsm_job_openings&#038;p=8837\" class=\"awsm-job-item\">\t\t\t<div class=\"awsm-grid-left-col\">\n\t\t\t\t\n\t\t\t\t\n\t\t\t\t<h2 class=\"awsm-job-post-title\">\n\t\t\t\t\tRef.20_2025. Administrative IBSAL\t\t\t\t<\/h2>\n\n\t\t\t\t\t\t\t<\/div>\n\n\t\t\t<div class=\"awsm-grid-right-col\">\n\t\t\t\t<div class=\"awsm-job-specification-wrapper\"><div class=\"awsm-job-specification-item awsm-job-specification-departamento\"><i class=\"awsm-job-icon-map-marker\"><\/i><span class=\"awsm-job-specification-term\">Unidad EECC.- Servicio de Hematolog\u00eda del Hospital Universitario de Salamanca<\/span> <\/div><div class=\"awsm-job-specification-item awsm-job-specification-tipo-de-contrato\"><i class=\"awsm-job-icon-file\"><\/i><span class=\"awsm-job-specification-term\">Contrato indefinido. Jornada completa<\/span> <\/div><div class=\"awsm-job-specification-item awsm-job-specification-referencia\"><i class=\"awsm-job-icon-folder\"><\/i><span class=\"awsm-job-specification-term\">Ref.20_2025<\/span> <\/div><\/div><div class=\"awsm-job-more-container\"><span class=\"awsm-job-more\">M\u00e1s detalles <span><\/span><\/span><\/div>\t\t\t<\/div>\n\t\t<\/a>\t<\/div><div class=\"awsm-jobs-pagination awsm-load-more-main\"><a href=\"#\" class=\"awsm-load-more awsm-load-more-btn\" data-page=\"1\">Cargar m\u00e1s...<\/a><\/div>\t\t\t\t<\/div>\n\t<\/div>\n<\/div>\n\t\t\t\t\t\t<\/div>\n\t\t\t\t<\/div>\n\t\t\t\t\t<\/div>\n\t\t\t\t<\/div>\n\t\t\t\t<\/div>\n\t\t","protected":false},"excerpt":{"rendered":"","protected":false},"author":4,"featured_media":0,"parent":0,"menu_order":0,"comment_status":"closed","ping_status":"closed","template":"","meta":{"_acf_changed":false,"_price":"","_stock":"","_tribe_ticket_header":"","_tribe_default_ticket_provider":"","_tribe_ticket_capacity":"0","_ticket_start_date":"","_ticket_end_date":"","_tribe_ticket_show_description":"","_tribe_ticket_show_not_going":false,"_tribe_ticket_use_global_stock":"","_tribe_ticket_global_stock_level":"","_global_stock_mode":"","_global_stock_cap":"","_tribe_rsvp_for_event":"","_tribe_ticket_going_count":"","_tribe_ticket_not_going_count":"","_tribe_tickets_list":"[]","_tribe_ticket_has_attendee_info_fields":false,"footnotes":""},"class_list":["post-6690","page","type-page","status-publish","hentry"],"acf":[],"yoast_head":"<!-- This site is optimized with the Yoast SEO Premium plugin v20.12 (Yoast SEO v27.3) - https:\/\/yoast.com\/product\/yoast-seo-premium-wordpress\/ -->\n<title>Closed calls for proposals | IBSAL<\/title>\n<meta name=\"robots\" content=\"noindex, nofollow\" \/>\n<meta property=\"og:locale\" content=\"en_US\" \/>\n<meta property=\"og:type\" content=\"article\" \/>\n<meta property=\"og:title\" content=\"Closed calls for proposals\" \/>\n<meta property=\"og:url\" content=\"https:\/\/ibsal.es\/en\/closed-calls-for-proposals\/\" \/>\n<meta property=\"og:site_name\" content=\"IBSAL\" \/>\n<meta property=\"article:modified_time\" content=\"2025-03-12T10:32:52+00:00\" \/>\n<meta property=\"og:image\" content=\"https:\/\/ibsal.es\/wp-content\/uploads\/2024\/10\/Snippet.png\" \/>\n\t<meta property=\"og:image:width\" content=\"1200\" \/>\n\t<meta property=\"og:image:height\" content=\"675\" \/>\n\t<meta property=\"og:image:type\" content=\"image\/png\" \/>\n<meta name=\"twitter:card\" content=\"summary_large_image\" \/>\n<script type=\"application\/ld+json\" class=\"yoast-schema-graph\">{\"@context\":\"https:\\\/\\\/schema.org\",\"@graph\":[{\"@type\":\"WebPage\",\"@id\":\"https:\\\/\\\/ibsal.es\\\/en\\\/closed-calls-for-proposals\\\/\",\"url\":\"https:\\\/\\\/ibsal.es\\\/en\\\/closed-calls-for-proposals\\\/\",\"name\":\"Closed calls for proposals | IBSAL\",\"isPartOf\":{\"@id\":\"https:\\\/\\\/ibsal.es\\\/en\\\/#website\"},\"datePublished\":\"2025-02-05T13:28:40+00:00\",\"dateModified\":\"2025-03-12T10:32:52+00:00\",\"breadcrumb\":{\"@id\":\"https:\\\/\\\/ibsal.es\\\/en\\\/closed-calls-for-proposals\\\/#breadcrumb\"},\"inLanguage\":\"en-US\",\"potentialAction\":[{\"@type\":\"ReadAction\",\"target\":[\"https:\\\/\\\/ibsal.es\\\/en\\\/closed-calls-for-proposals\\\/\"]}]},{\"@type\":\"BreadcrumbList\",\"@id\":\"https:\\\/\\\/ibsal.es\\\/en\\\/closed-calls-for-proposals\\\/#breadcrumb\",\"itemListElement\":[{\"@type\":\"ListItem\",\"position\":1,\"name\":\"Portada\",\"item\":\"https:\\\/\\\/ibsal.es\\\/en\\\/\"},{\"@type\":\"ListItem\",\"position\":2,\"name\":\"Closed calls for proposals\"}]},{\"@type\":\"WebSite\",\"@id\":\"https:\\\/\\\/ibsal.es\\\/en\\\/#website\",\"url\":\"https:\\\/\\\/ibsal.es\\\/en\\\/\",\"name\":\"IBSAL\",\"description\":\"Benchmarks in translational research in biomedicine in Castilla y Le\u00f3n\",\"alternateName\":\"Instituto de Investigaci\u00f3n Biom\u00e9dica de Salamanca\",\"potentialAction\":[{\"@type\":\"SearchAction\",\"target\":{\"@type\":\"EntryPoint\",\"urlTemplate\":\"https:\\\/\\\/ibsal.es\\\/en\\\/?s={search_term_string}\"},\"query-input\":{\"@type\":\"PropertyValueSpecification\",\"valueRequired\":true,\"valueName\":\"search_term_string\"}}],\"inLanguage\":\"en-US\"}]}<\/script>\n<!-- \/ Yoast SEO Premium plugin. -->","yoast_head_json":{"title":"Closed calls for proposals | IBSAL","robots":{"index":"noindex","follow":"nofollow"},"og_locale":"en_US","og_type":"article","og_title":"Closed calls for proposals","og_url":"https:\/\/ibsal.es\/en\/closed-calls-for-proposals\/","og_site_name":"IBSAL","article_modified_time":"2025-03-12T10:32:52+00:00","og_image":[{"width":1200,"height":675,"url":"https:\/\/ibsal.es\/wp-content\/uploads\/2024\/10\/Snippet.png","type":"image\/png"}],"twitter_card":"summary_large_image","schema":{"@context":"https:\/\/schema.org","@graph":[{"@type":"WebPage","@id":"https:\/\/ibsal.es\/en\/closed-calls-for-proposals\/","url":"https:\/\/ibsal.es\/en\/closed-calls-for-proposals\/","name":"Closed calls for proposals | IBSAL","isPartOf":{"@id":"https:\/\/ibsal.es\/en\/#website"},"datePublished":"2025-02-05T13:28:40+00:00","dateModified":"2025-03-12T10:32:52+00:00","breadcrumb":{"@id":"https:\/\/ibsal.es\/en\/closed-calls-for-proposals\/#breadcrumb"},"inLanguage":"en-US","potentialAction":[{"@type":"ReadAction","target":["https:\/\/ibsal.es\/en\/closed-calls-for-proposals\/"]}]},{"@type":"BreadcrumbList","@id":"https:\/\/ibsal.es\/en\/closed-calls-for-proposals\/#breadcrumb","itemListElement":[{"@type":"ListItem","position":1,"name":"Portada","item":"https:\/\/ibsal.es\/en\/"},{"@type":"ListItem","position":2,"name":"Closed calls for proposals"}]},{"@type":"WebSite","@id":"https:\/\/ibsal.es\/en\/#website","url":"https:\/\/ibsal.es\/en\/","name":"IBSAL","description":"Benchmarks in translational research in biomedicine in Castilla y Le\u00f3n","alternateName":"Instituto de Investigaci\u00f3n Biom\u00e9dica de Salamanca","potentialAction":[{"@type":"SearchAction","target":{"@type":"EntryPoint","urlTemplate":"https:\/\/ibsal.es\/en\/?s={search_term_string}"},"query-input":{"@type":"PropertyValueSpecification","valueRequired":true,"valueName":"search_term_string"}}],"inLanguage":"en-US"}]}},"_links":{"self":[{"href":"https:\/\/ibsal.es\/en\/wp-json\/wp\/v2\/pages\/6690","targetHints":{"allow":["GET"]}}],"collection":[{"href":"https:\/\/ibsal.es\/en\/wp-json\/wp\/v2\/pages"}],"about":[{"href":"https:\/\/ibsal.es\/en\/wp-json\/wp\/v2\/types\/page"}],"author":[{"embeddable":true,"href":"https:\/\/ibsal.es\/en\/wp-json\/wp\/v2\/users\/4"}],"replies":[{"embeddable":true,"href":"https:\/\/ibsal.es\/en\/wp-json\/wp\/v2\/comments?post=6690"}],"version-history":[{"count":0,"href":"https:\/\/ibsal.es\/en\/wp-json\/wp\/v2\/pages\/6690\/revisions"}],"wp:attachment":[{"href":"https:\/\/ibsal.es\/en\/wp-json\/wp\/v2\/media?parent=6690"}],"curies":[{"name":"wp","href":"https:\/\/api.w.org\/{rel}","templated":true}]}}