{"id":16559,"date":"2025-11-06T13:17:19","date_gmt":"2025-11-06T13:17:19","guid":{"rendered":"https:\/\/ibsal.es\/?page_id=16559"},"modified":"2025-11-26T12:05:24","modified_gmt":"2025-11-26T12:05:24","slug":"biostatistics-platform-6","status":"publish","type":"page","link":"https:\/\/ibsal.es\/en\/biostatistics-platform-6\/","title":{"rendered":"Other platforms"},"content":{"rendered":"\t\t<div data-elementor-type=\"wp-page\" data-elementor-id=\"16559\" class=\"elementor elementor-16559 elementor-16558\" data-elementor-post-type=\"page\">\n\t\t\t\t<div class=\"elementor-element elementor-element-464530e e-flex e-con-boxed e-con e-parent\" data-id=\"464530e\" data-element_type=\"container\" data-e-type=\"container\" data-settings=\"{&quot;background_background&quot;:&quot;classic&quot;}\">\n\t\t\t\t\t<div class=\"e-con-inner\">\n\t\t<div class=\"elementor-element elementor-element-e735e33 e-con-full e-flex e-con e-child\" data-id=\"e735e33\" data-element_type=\"container\" data-e-type=\"container\">\n\t\t\t\t<div class=\"elementor-element elementor-element-91f3146 elementor-widget-mobile__width-initial elementor-widget elementor-widget-heading\" data-id=\"91f3146\" data-element_type=\"widget\" data-e-type=\"widget\" data-widget_type=\"heading.default\">\n\t\t\t\t<div class=\"elementor-widget-container\">\n\t\t\t\t\t<h1 class=\"elementor-heading-title elementor-size-default\">Other platforms of IBSAL entities<\/h1>\t\t\t\t<\/div>\n\t\t\t\t<\/div>\n\t\t\t\t<\/div>\n\t\t\t\t\t<\/div>\n\t\t\t\t<\/div>\n\t\t<div class=\"elementor-element elementor-element-476ad68 e-flex e-con-boxed e-con e-parent\" data-id=\"476ad68\" data-element_type=\"container\" data-e-type=\"container\" data-settings=\"{&quot;background_background&quot;:&quot;classic&quot;}\">\n\t\t\t\t\t<div class=\"e-con-inner\">\n\t\t<div class=\"elementor-element elementor-element-4a7eed9 e-con-full e-flex e-con e-child\" data-id=\"4a7eed9\" data-element_type=\"container\" data-e-type=\"container\">\n\t\t\t\t<div class=\"elementor-element elementor-element-15c6d03 elementor-widget-tablet__width-initial elementor-widget-mobile__width-initial elementor-widget elementor-widget-heading\" data-id=\"15c6d03\" data-element_type=\"widget\" data-e-type=\"widget\" data-widget_type=\"heading.default\">\n\t\t\t\t<div class=\"elementor-widget-container\">\n\t\t\t\t\t<h2 class=\"elementor-heading-title elementor-size-default\">Nucleus USAL<\/h2>\t\t\t\t<\/div>\n\t\t\t\t<\/div>\n\t\t\t\t<div class=\"elementor-element elementor-element-70ebb65 elementor-widget-mobile__width-initial elementor-widget-divider--view-line elementor-widget elementor-widget-divider\" data-id=\"70ebb65\" data-element_type=\"widget\" data-e-type=\"widget\" data-widget_type=\"divider.default\">\n\t\t\t\t<div class=\"elementor-widget-container\">\n\t\t\t\t\t\t\t<div class=\"elementor-divider\">\n\t\t\t<span class=\"elementor-divider-separator\">\n\t\t\t\t\t\t<\/span>\n\t\t<\/div>\n\t\t\t\t\t\t<\/div>\n\t\t\t\t<\/div>\n\t\t\t\t<div class=\"elementor-element elementor-element-3701f21 elementor-widget elementor-widget-text-editor\" data-id=\"3701f21\" data-element_type=\"widget\" data-e-type=\"widget\" data-widget_type=\"text-editor.default\">\n\t\t\t\t<div class=\"elementor-widget-container\">\n\t\t\t\t\t\t\t\t\t<p>Research support service at the University of Salamanca.<\/p>\t\t\t\t\t\t\t\t<\/div>\n\t\t\t\t<\/div>\n\t\t\t\t<div class=\"elementor-element elementor-element-0dbc56e elementor-widget elementor-widget-button\" data-id=\"0dbc56e\" data-element_type=\"widget\" data-e-type=\"widget\" data-widget_type=\"button.default\">\n\t\t\t\t<div class=\"elementor-widget-container\">\n\t\t\t\t\t\t\t\t\t<div class=\"elementor-button-wrapper\">\n\t\t\t\t\t<a class=\"elementor-button elementor-button-link elementor-size-sm\" href=\"https:\/\/nucleus.usal.es\/\">\n\t\t\t\t\t\t<span class=\"elementor-button-content-wrapper\">\n\t\t\t\t\t\t<span class=\"elementor-button-icon\">\n\t\t\t\t<svg xmlns=\"http:\/\/www.w3.org\/2000\/svg\" width=\"79\" height=\"79\" viewBox=\"0 0 79 79\" fill=\"none\"><circle cx=\"39.5\" cy=\"39.5\" r=\"39.5\" fill=\"#003C8C\" fill-opacity=\"0.1\"><\/circle><path d=\"M39.5 60.875C39.5 60.875 49 51.375 49 39.5C49 27.625 39.5 18.125 39.5 18.125\" stroke=\"#DA251D\" stroke-width=\"4.75\"><\/path><path d=\"M39.5 60.875C39.5 60.875 30 51.375 30 39.5C30 27.625 39.5 18.125 39.5 18.125\" stroke=\"#DA251D\" stroke-width=\"4.75\"><\/path><circle cx=\"39.5\" cy=\"39.5\" r=\"21.375\" stroke=\"#003C8C\" stroke-width=\"4.75\"><\/circle><path d=\"M18.125 39.5H60.875\" stroke=\"#003C8C\" stroke-width=\"4.75\"><\/path><\/svg>\t\t\t<\/span>\n\t\t\t\t\t\t\t\t\t<span class=\"elementor-button-text\">Access the website<\/span>\n\t\t\t\t\t<\/span>\n\t\t\t\t\t<\/a>\n\t\t\t\t<\/div>\n\t\t\t\t\t\t\t\t<\/div>\n\t\t\t\t<\/div>\n\t\t\t\t<\/div>\n\t\t<div class=\"elementor-element elementor-element-077ae2f e-con-full e-flex e-con e-child\" data-id=\"077ae2f\" data-element_type=\"container\" data-e-type=\"container\">\n\t\t\t\t<div class=\"elementor-element elementor-element-7d04b12 elementor-widget-tablet__width-initial elementor-widget-mobile__width-initial elementor-widget elementor-widget-heading\" data-id=\"7d04b12\" data-element_type=\"widget\" data-e-type=\"widget\" data-widget_type=\"heading.default\">\n\t\t\t\t<div class=\"elementor-widget-container\">\n\t\t\t\t\t<h2 class=\"elementor-heading-title elementor-size-default\">IBFG<\/h2>\t\t\t\t<\/div>\n\t\t\t\t<\/div>\n\t\t\t\t<div class=\"elementor-element elementor-element-399a708 elementor-widget-mobile__width-initial elementor-widget-divider--view-line elementor-widget elementor-widget-divider\" data-id=\"399a708\" data-element_type=\"widget\" data-e-type=\"widget\" data-widget_type=\"divider.default\">\n\t\t\t\t<div class=\"elementor-widget-container\">\n\t\t\t\t\t\t\t<div class=\"elementor-divider\">\n\t\t\t<span class=\"elementor-divider-separator\">\n\t\t\t\t\t\t<\/span>\n\t\t<\/div>\n\t\t\t\t\t\t<\/div>\n\t\t\t\t<\/div>\n\t\t\t\t<div class=\"elementor-element elementor-element-522aad1 elementor-widget elementor-widget-text-editor\" data-id=\"522aad1\" data-element_type=\"widget\" data-e-type=\"widget\" data-widget_type=\"text-editor.default\">\n\t\t\t\t<div class=\"elementor-widget-container\">\n\t\t\t\t\t\t\t\t\t<p>Scientific and technical services of the Institute of Functional Biology and Genomics.<\/p>\t\t\t\t\t\t\t\t<\/div>\n\t\t\t\t<\/div>\n\t\t\t\t<div class=\"elementor-element elementor-element-59b0142 elementor-widget elementor-widget-button\" data-id=\"59b0142\" data-element_type=\"widget\" data-e-type=\"widget\" data-widget_type=\"button.default\">\n\t\t\t\t<div class=\"elementor-widget-container\">\n\t\t\t\t\t\t\t\t\t<div class=\"elementor-button-wrapper\">\n\t\t\t\t\t<a class=\"elementor-button elementor-button-link elementor-size-sm\" href=\"https:\/\/ibfg.usal-csic.es\/index.php\">\n\t\t\t\t\t\t<span class=\"elementor-button-content-wrapper\">\n\t\t\t\t\t\t<span class=\"elementor-button-icon\">\n\t\t\t\t<svg xmlns=\"http:\/\/www.w3.org\/2000\/svg\" width=\"79\" height=\"79\" viewBox=\"0 0 79 79\" fill=\"none\"><circle cx=\"39.5\" cy=\"39.5\" r=\"39.5\" fill=\"#003C8C\" fill-opacity=\"0.1\"><\/circle><path d=\"M39.5 60.875C39.5 60.875 49 51.375 49 39.5C49 27.625 39.5 18.125 39.5 18.125\" stroke=\"#DA251D\" stroke-width=\"4.75\"><\/path><path d=\"M39.5 60.875C39.5 60.875 30 51.375 30 39.5C30 27.625 39.5 18.125 39.5 18.125\" stroke=\"#DA251D\" stroke-width=\"4.75\"><\/path><circle cx=\"39.5\" cy=\"39.5\" r=\"21.375\" stroke=\"#003C8C\" stroke-width=\"4.75\"><\/circle><path d=\"M18.125 39.5H60.875\" stroke=\"#003C8C\" stroke-width=\"4.75\"><\/path><\/svg>\t\t\t<\/span>\n\t\t\t\t\t\t\t\t\t<span class=\"elementor-button-text\">Access the website<\/span>\n\t\t\t\t\t<\/span>\n\t\t\t\t\t<\/a>\n\t\t\t\t<\/div>\n\t\t\t\t\t\t\t\t<\/div>\n\t\t\t\t<\/div>\n\t\t\t\t<\/div>\n\t\t\t\t\t<\/div>\n\t\t\t\t<\/div>\n\t\t\t\t<\/div>\n\t\t","protected":false},"excerpt":{"rendered":"<p>Other platforms of IBSAL entities Nucleus USAL Research support service at the University of Salamanca. Access the website IBFG Scientific and technical services of the Institute of Functional Biology and [&hellip;]<\/p>\n","protected":false},"author":3,"featured_media":0,"parent":0,"menu_order":0,"comment_status":"closed","ping_status":"closed","template":"","meta":{"_acf_changed":false,"_price":"","_stock":"","_tribe_ticket_header":"","_tribe_default_ticket_provider":"","_tribe_ticket_capacity":"0","_ticket_start_date":"","_ticket_end_date":"","_tribe_ticket_show_description":"","_tribe_ticket_show_not_going":false,"_tribe_ticket_use_global_stock":"","_tribe_ticket_global_stock_level":"","_global_stock_mode":"","_global_stock_cap":"","_tribe_rsvp_for_event":"","_tribe_ticket_going_count":"","_tribe_ticket_not_going_count":"","_tribe_tickets_list":"[]","_tribe_ticket_has_attendee_info_fields":false,"footnotes":""},"class_list":["post-16559","page","type-page","status-publish","hentry"],"acf":[],"yoast_head":"<!-- This site is optimized with the Yoast SEO Premium plugin v20.12 (Yoast SEO v27.4) - https:\/\/yoast.com\/product\/yoast-seo-premium-wordpress\/ -->\n<title>Other platforms | IBSAL<\/title>\n<meta name=\"robots\" content=\"index, follow, max-snippet:-1, max-image-preview:large, max-video-preview:-1\" \/>\n<link rel=\"canonical\" href=\"https:\/\/ibsal.es\/en\/biostatistics-platform-6\/\" \/>\n<meta property=\"og:locale\" content=\"en_US\" \/>\n<meta property=\"og:type\" content=\"article\" \/>\n<meta property=\"og:title\" content=\"Other platforms\" \/>\n<meta property=\"og:description\" content=\"Other platforms of IBSAL entities Nucleus USAL Research support service at the University of Salamanca. Access the website IBFG Scientific and technical services of the Institute of Functional Biology and [&hellip;]\" \/>\n<meta property=\"og:url\" content=\"https:\/\/ibsal.es\/en\/biostatistics-platform-6\/\" \/>\n<meta property=\"og:site_name\" content=\"IBSAL\" \/>\n<meta property=\"article:modified_time\" content=\"2025-11-26T12:05:24+00:00\" \/>\n<meta property=\"og:image\" content=\"https:\/\/ibsal.es\/wp-content\/uploads\/2024\/10\/Snippet.png\" \/>\n\t<meta property=\"og:image:width\" content=\"1200\" \/>\n\t<meta property=\"og:image:height\" content=\"675\" \/>\n\t<meta property=\"og:image:type\" content=\"image\/png\" \/>\n<meta name=\"twitter:card\" content=\"summary_large_image\" \/>\n<script type=\"application\/ld+json\" class=\"yoast-schema-graph\">{\"@context\":\"https:\\\/\\\/schema.org\",\"@graph\":[{\"@type\":\"WebPage\",\"@id\":\"https:\\\/\\\/ibsal.es\\\/en\\\/biostatistics-platform-6\\\/\",\"url\":\"https:\\\/\\\/ibsal.es\\\/en\\\/biostatistics-platform-6\\\/\",\"name\":\"Other platforms | IBSAL\",\"isPartOf\":{\"@id\":\"https:\\\/\\\/ibsal.es\\\/en\\\/#website\"},\"datePublished\":\"2025-11-06T13:17:19+00:00\",\"dateModified\":\"2025-11-26T12:05:24+00:00\",\"breadcrumb\":{\"@id\":\"https:\\\/\\\/ibsal.es\\\/en\\\/biostatistics-platform-6\\\/#breadcrumb\"},\"inLanguage\":\"en-US\",\"potentialAction\":[{\"@type\":\"ReadAction\",\"target\":[\"https:\\\/\\\/ibsal.es\\\/en\\\/biostatistics-platform-6\\\/\"]}]},{\"@type\":\"BreadcrumbList\",\"@id\":\"https:\\\/\\\/ibsal.es\\\/en\\\/biostatistics-platform-6\\\/#breadcrumb\",\"itemListElement\":[{\"@type\":\"ListItem\",\"position\":1,\"name\":\"Portada\",\"item\":\"https:\\\/\\\/ibsal.es\\\/en\\\/\"},{\"@type\":\"ListItem\",\"position\":2,\"name\":\"Other platforms\"}]},{\"@type\":\"WebSite\",\"@id\":\"https:\\\/\\\/ibsal.es\\\/en\\\/#website\",\"url\":\"https:\\\/\\\/ibsal.es\\\/en\\\/\",\"name\":\"IBSAL\",\"description\":\"Benchmarks in translational research in biomedicine in Castilla y Le\u00f3n\",\"alternateName\":\"Instituto de Investigaci\u00f3n Biom\u00e9dica de Salamanca\",\"potentialAction\":[{\"@type\":\"SearchAction\",\"target\":{\"@type\":\"EntryPoint\",\"urlTemplate\":\"https:\\\/\\\/ibsal.es\\\/en\\\/?s={search_term_string}\"},\"query-input\":{\"@type\":\"PropertyValueSpecification\",\"valueRequired\":true,\"valueName\":\"search_term_string\"}}],\"inLanguage\":\"en-US\"}]}<\/script>\n<!-- \/ Yoast SEO Premium plugin. -->","yoast_head_json":{"title":"Other platforms | IBSAL","robots":{"index":"index","follow":"follow","max-snippet":"max-snippet:-1","max-image-preview":"max-image-preview:large","max-video-preview":"max-video-preview:-1"},"canonical":"https:\/\/ibsal.es\/en\/biostatistics-platform-6\/","og_locale":"en_US","og_type":"article","og_title":"Other platforms","og_description":"Other platforms of IBSAL entities Nucleus USAL Research support service at the University of Salamanca. Access the website IBFG Scientific and technical services of the Institute of Functional Biology and [&hellip;]","og_url":"https:\/\/ibsal.es\/en\/biostatistics-platform-6\/","og_site_name":"IBSAL","article_modified_time":"2025-11-26T12:05:24+00:00","og_image":[{"width":1200,"height":675,"url":"https:\/\/ibsal.es\/wp-content\/uploads\/2024\/10\/Snippet.png","type":"image\/png"}],"twitter_card":"summary_large_image","schema":{"@context":"https:\/\/schema.org","@graph":[{"@type":"WebPage","@id":"https:\/\/ibsal.es\/en\/biostatistics-platform-6\/","url":"https:\/\/ibsal.es\/en\/biostatistics-platform-6\/","name":"Other platforms | IBSAL","isPartOf":{"@id":"https:\/\/ibsal.es\/en\/#website"},"datePublished":"2025-11-06T13:17:19+00:00","dateModified":"2025-11-26T12:05:24+00:00","breadcrumb":{"@id":"https:\/\/ibsal.es\/en\/biostatistics-platform-6\/#breadcrumb"},"inLanguage":"en-US","potentialAction":[{"@type":"ReadAction","target":["https:\/\/ibsal.es\/en\/biostatistics-platform-6\/"]}]},{"@type":"BreadcrumbList","@id":"https:\/\/ibsal.es\/en\/biostatistics-platform-6\/#breadcrumb","itemListElement":[{"@type":"ListItem","position":1,"name":"Portada","item":"https:\/\/ibsal.es\/en\/"},{"@type":"ListItem","position":2,"name":"Other platforms"}]},{"@type":"WebSite","@id":"https:\/\/ibsal.es\/en\/#website","url":"https:\/\/ibsal.es\/en\/","name":"IBSAL","description":"Benchmarks in translational research in biomedicine in Castilla y Le\u00f3n","alternateName":"Instituto de Investigaci\u00f3n Biom\u00e9dica de Salamanca","potentialAction":[{"@type":"SearchAction","target":{"@type":"EntryPoint","urlTemplate":"https:\/\/ibsal.es\/en\/?s={search_term_string}"},"query-input":{"@type":"PropertyValueSpecification","valueRequired":true,"valueName":"search_term_string"}}],"inLanguage":"en-US"}]}},"_links":{"self":[{"href":"https:\/\/ibsal.es\/en\/wp-json\/wp\/v2\/pages\/16559","targetHints":{"allow":["GET"]}}],"collection":[{"href":"https:\/\/ibsal.es\/en\/wp-json\/wp\/v2\/pages"}],"about":[{"href":"https:\/\/ibsal.es\/en\/wp-json\/wp\/v2\/types\/page"}],"author":[{"embeddable":true,"href":"https:\/\/ibsal.es\/en\/wp-json\/wp\/v2\/users\/3"}],"replies":[{"embeddable":true,"href":"https:\/\/ibsal.es\/en\/wp-json\/wp\/v2\/comments?post=16559"}],"version-history":[{"count":4,"href":"https:\/\/ibsal.es\/en\/wp-json\/wp\/v2\/pages\/16559\/revisions"}],"predecessor-version":[{"id":17587,"href":"https:\/\/ibsal.es\/en\/wp-json\/wp\/v2\/pages\/16559\/revisions\/17587"}],"wp:attachment":[{"href":"https:\/\/ibsal.es\/en\/wp-json\/wp\/v2\/media?parent=16559"}],"curies":[{"name":"wp","href":"https:\/\/api.w.org\/{rel}","templated":true}]}}